{"id":114145,"date":"2022-01-14T12:17:44","date_gmt":"2022-01-14T11:17:44","guid":{"rendered":"https:\/\/dreambeautyparis.com\/concept\/"},"modified":"2025-05-08T17:59:45","modified_gmt":"2025-05-08T15:59:45","slug":"concept","status":"publish","type":"page","link":"https:\/\/dreambeautyparis.com\/en\/concept\/","title":{"rendered":"Concept"},"content":{"rendered":"<div class=\"wpb-content-wrapper\">[vc_section full_width=&#8221;stretch_row&#8221; el_id=&#8221;aboutme&#8221; css=&#8221;.vc_custom_1632589870476{padding-top: 120px !important;background-position: center !important;background-repeat: no-repeat !important;background-size: cover !important;}&#8221;][vc_row css=&#8221;.vc_custom_1632583444096{padding-top: 45px !important;background-position: center !important;background-repeat: no-repeat !important;background-size: cover !important;}&#8221;][vc_column][vc_row_inner el_class=&#8221;contenair&#8221;][vc_column_inner width=&#8221;1\/2&#8243; css=&#8221;.vc_custom_1746647619938{background-image: url(https:\/\/dreambeautyparis.com\/wp-content\/uploads\/2025\/05\/freepik__two-ultramasculin-ultra-beauty-black-american-man-__23442.png?id=118763) !important;background-position: center !important;background-repeat: no-repeat !important;background-size: contain !important;}&#8221;][vc_column_text el_id=&#8221;visio&#8221;]ABOUT ME[\/vc_column_text][vc_empty_space height=&#8221;350px&#8221;][\/vc_column_inner][vc_column_inner width=&#8221;1\/2&#8243; css=&#8221;.vc_custom_1632589765980{padding-left: 70px !important;}&#8221;][vc_column_text el_class=&#8221;titlescript&#8221;]Concept<\/p>\n<div id=\"gtx-trans\" style=\"position: absolute; left: 169px; top: 38px;\">\n<div class=\"gtx-trans-icon\"><\/div>\n<\/div>\n[\/vc_column_text][vc_column_text]\n<h2>Enhance your beauty, elevate your excellence<\/h2>\n[\/vc_column_text][vc_column_text]\n<p class=\"p1\"><span class=\"s1\">Dream Beauty Paris<\/span> est n\u00e9e d\u2019une id\u00e9e claire : cr\u00e9er des soins qui r\u00e9pondent aux <span class=\"s1\">standards les plus \u00e9lev\u00e9s de performance et de sensorialit\u00e9<\/span>, sans compromis. Chaque formule est pens\u00e9e pour <span class=\"s1\">r\u00e9v\u00e9ler la beaut\u00e9 naturelle<\/span> de la peau et des cheveux, avec des r\u00e9sultats visibles, une application agr\u00e9able, et une finition soign\u00e9e.<\/p>\n<p class=\"p1\">Derri\u00e8re <span class=\"s1\">Dream Beauty Paris<\/span>, il y a une vision : celle d\u2019une beaut\u00e9 <span class=\"s1\">confiante, pr\u00e9cise, assum\u00e9e<\/span>.<\/p>\n<p class=\"p3\"><span class=\"s2\">Chaque soin s\u2019adresse \u00e0 celles et ceux qui savent ce qu\u2019ils veulent : <\/span>des produits efficaces, agr\u00e9ables \u00e0 utiliser, avec une vraie diff\u00e9rence \u00e0 la cl\u00e9<span class=\"s2\">.<\/span><\/p>\n<p class=\"p1\">Nous s\u00e9lectionnons des <span class=\"s1\">actifs reconnus<\/span>, des <span class=\"s1\">textures \u00e9l\u00e9gantes<\/span>, et des <span class=\"s1\">parfums subtils<\/span>, pour transformer chaque \u00e9tape de soin en un moment de plaisir ma\u00eetris\u00e9.<\/p>\n<p class=\"p1\">Notre approche est exigeante, notre d\u00e9marche est claire : <span class=\"s1\">offrir des soins qui tiennent leurs promesses<\/span>.<\/p>\n<p class=\"p3\">Dream Beauty Paris<span class=\"s2\">, c\u2019est la <\/span>ma\u00eetrise cosm\u00e9tique<span class=\"s2\">, le <\/span>raffinement de la formulation<span class=\"s2\">, et <\/span>l\u2019exigence du r\u00e9sultat<span class=\"s2\">.<\/span><\/p>\n[\/vc_column_text][\/vc_column_inner][\/vc_row_inner][\/vc_column][\/vc_row][\/vc_section][vc_section full_width=&#8221;stretch_row&#8221; el_id=&#8221;Bachelor&#8221; css=&#8221;.vc_custom_1619776504138{background-color: #232323 !important;}&#8221;][vc_row el_class=&#8221;container&#8221;][vc_column width=&#8221;1\/2&#8243; el_class=&#8221;white&#8221;][vc_column_text]<img data-recalc-dims=\"1\" decoding=\"async\" class=\"alignnone size-full wp-image-118759\" src=\"https:\/\/i0.wp.com\/dreambeautyparis.com\/wp-content\/uploads\/2025\/05\/freepik__two-ultramasculin-ultra-beauty-black-american-man-__23440-scaled.png?resize=1140%2C1995&#038;ssl=1\" alt=\"\" width=\"1140\" height=\"1995\" srcset=\"https:\/\/i0.wp.com\/dreambeautyparis.com\/wp-content\/uploads\/2025\/05\/freepik__two-ultramasculin-ultra-beauty-black-american-man-__23440-scaled.png?w=1463&amp;ssl=1 1463w, https:\/\/i0.wp.com\/dreambeautyparis.com\/wp-content\/uploads\/2025\/05\/freepik__two-ultramasculin-ultra-beauty-black-american-man-__23440-scaled.png?resize=171%2C300&amp;ssl=1 171w, https:\/\/i0.wp.com\/dreambeautyparis.com\/wp-content\/uploads\/2025\/05\/freepik__two-ultramasculin-ultra-beauty-black-american-man-__23440-scaled.png?resize=585%2C1024&amp;ssl=1 585w, https:\/\/i0.wp.com\/dreambeautyparis.com\/wp-content\/uploads\/2025\/05\/freepik__two-ultramasculin-ultra-beauty-black-american-man-__23440-scaled.png?resize=768%2C1344&amp;ssl=1 768w, https:\/\/i0.wp.com\/dreambeautyparis.com\/wp-content\/uploads\/2025\/05\/freepik__two-ultramasculin-ultra-beauty-black-american-man-__23440-scaled.png?resize=878%2C1536&amp;ssl=1 878w, https:\/\/i0.wp.com\/dreambeautyparis.com\/wp-content\/uploads\/2025\/05\/freepik__two-ultramasculin-ultra-beauty-black-american-man-__23440-scaled.png?resize=1170%2C2048&amp;ssl=1 1170w, https:\/\/i0.wp.com\/dreambeautyparis.com\/wp-content\/uploads\/2025\/05\/freepik__two-ultramasculin-ultra-beauty-black-american-man-__23440-scaled.png?resize=86%2C150&amp;ssl=1 86w, https:\/\/i0.wp.com\/dreambeautyparis.com\/wp-content\/uploads\/2025\/05\/freepik__two-ultramasculin-ultra-beauty-black-american-man-__23440-scaled.png?resize=900%2C1575&amp;ssl=1 900w\" sizes=\"(max-width: 1140px) 100vw, 1140px\" \/>[\/vc_column_text][\/vc_column][vc_column width=&#8221;1\/2&#8243;][vc_column_text]<img data-recalc-dims=\"1\" decoding=\"async\" class=\"alignnone size-full wp-image-118761\" src=\"https:\/\/i0.wp.com\/dreambeautyparis.com\/wp-content\/uploads\/2025\/05\/freepik__two-ultramasculin-ultra-beauty-black-american-man-__23441-scaled.png?resize=1140%2C1995&#038;ssl=1\" alt=\"\" width=\"1140\" height=\"1995\" srcset=\"https:\/\/i0.wp.com\/dreambeautyparis.com\/wp-content\/uploads\/2025\/05\/freepik__two-ultramasculin-ultra-beauty-black-american-man-__23441-scaled.png?w=1463&amp;ssl=1 1463w, https:\/\/i0.wp.com\/dreambeautyparis.com\/wp-content\/uploads\/2025\/05\/freepik__two-ultramasculin-ultra-beauty-black-american-man-__23441-scaled.png?resize=171%2C300&amp;ssl=1 171w, https:\/\/i0.wp.com\/dreambeautyparis.com\/wp-content\/uploads\/2025\/05\/freepik__two-ultramasculin-ultra-beauty-black-american-man-__23441-scaled.png?resize=585%2C1024&amp;ssl=1 585w, https:\/\/i0.wp.com\/dreambeautyparis.com\/wp-content\/uploads\/2025\/05\/freepik__two-ultramasculin-ultra-beauty-black-american-man-__23441-scaled.png?resize=768%2C1344&amp;ssl=1 768w, https:\/\/i0.wp.com\/dreambeautyparis.com\/wp-content\/uploads\/2025\/05\/freepik__two-ultramasculin-ultra-beauty-black-american-man-__23441-scaled.png?resize=878%2C1536&amp;ssl=1 878w, https:\/\/i0.wp.com\/dreambeautyparis.com\/wp-content\/uploads\/2025\/05\/freepik__two-ultramasculin-ultra-beauty-black-american-man-__23441-scaled.png?resize=1170%2C2048&amp;ssl=1 1170w, https:\/\/i0.wp.com\/dreambeautyparis.com\/wp-content\/uploads\/2025\/05\/freepik__two-ultramasculin-ultra-beauty-black-american-man-__23441-scaled.png?resize=86%2C150&amp;ssl=1 86w, https:\/\/i0.wp.com\/dreambeautyparis.com\/wp-content\/uploads\/2025\/05\/freepik__two-ultramasculin-ultra-beauty-black-american-man-__23441-scaled.png?resize=900%2C1575&amp;ssl=1 900w\" sizes=\"(max-width: 1140px) 100vw, 1140px\" \/>[\/vc_column_text][\/vc_column][\/vc_row][\/vc_section][vc_section disable_element=&#8221;yes&#8221; el_id=&#8221;work&#8221;][vc_row css=&#8221;.vc_custom_1619973005469{padding-bottom: 90px !important;}&#8221;][vc_column][vc_row_inner el_class=&#8221;contenair&#8221;][vc_column_inner width=&#8221;1\/2&#8243;][vc_column_text]<img data-recalc-dims=\"1\" decoding=\"async\" class=\"alignnone size-full wp-image-118401\" src=\"https:\/\/i0.wp.com\/dreambeautyparis.com\/wp-content\/uploads\/2025\/04\/Pinterest_Download-5-topaz-upscale-3.5x.png?resize=1140%2C1140&#038;ssl=1\" alt=\"\" width=\"1140\" height=\"1140\" srcset=\"https:\/\/i0.wp.com\/dreambeautyparis.com\/wp-content\/uploads\/2025\/04\/Pinterest_Download-5-topaz-upscale-3.5x.png?w=3460&amp;ssl=1 3460w, https:\/\/i0.wp.com\/dreambeautyparis.com\/wp-content\/uploads\/2025\/04\/Pinterest_Download-5-topaz-upscale-3.5x.png?resize=300%2C300&amp;ssl=1 300w, https:\/\/i0.wp.com\/dreambeautyparis.com\/wp-content\/uploads\/2025\/04\/Pinterest_Download-5-topaz-upscale-3.5x.png?resize=1024%2C1024&amp;ssl=1 1024w, https:\/\/i0.wp.com\/dreambeautyparis.com\/wp-content\/uploads\/2025\/04\/Pinterest_Download-5-topaz-upscale-3.5x.png?resize=150%2C150&amp;ssl=1 150w, https:\/\/i0.wp.com\/dreambeautyparis.com\/wp-content\/uploads\/2025\/04\/Pinterest_Download-5-topaz-upscale-3.5x.png?resize=768%2C768&amp;ssl=1 768w, https:\/\/i0.wp.com\/dreambeautyparis.com\/wp-content\/uploads\/2025\/04\/Pinterest_Download-5-topaz-upscale-3.5x.png?resize=1536%2C1536&amp;ssl=1 1536w, https:\/\/i0.wp.com\/dreambeautyparis.com\/wp-content\/uploads\/2025\/04\/Pinterest_Download-5-topaz-upscale-3.5x.png?resize=2048%2C2048&amp;ssl=1 2048w, https:\/\/i0.wp.com\/dreambeautyparis.com\/wp-content\/uploads\/2025\/04\/Pinterest_Download-5-topaz-upscale-3.5x.png?resize=600%2C600&amp;ssl=1 600w, https:\/\/i0.wp.com\/dreambeautyparis.com\/wp-content\/uploads\/2025\/04\/Pinterest_Download-5-topaz-upscale-3.5x.png?resize=900%2C900&amp;ssl=1 900w, https:\/\/i0.wp.com\/dreambeautyparis.com\/wp-content\/uploads\/2025\/04\/Pinterest_Download-5-topaz-upscale-3.5x.png?resize=100%2C100&amp;ssl=1 100w, https:\/\/i0.wp.com\/dreambeautyparis.com\/wp-content\/uploads\/2025\/04\/Pinterest_Download-5-topaz-upscale-3.5x.png?resize=50%2C50&amp;ssl=1 50w, https:\/\/i0.wp.com\/dreambeautyparis.com\/wp-content\/uploads\/2025\/04\/Pinterest_Download-5-topaz-upscale-3.5x.png?w=2280&amp;ssl=1 2280w\" sizes=\"(max-width: 1140px) 100vw, 1140px\" \/>[\/vc_column_text][\/vc_column_inner][vc_column_inner width=&#8221;1\/2&#8243;][vc_column_text el_class=&#8221;whiteblock&#8221;]\n<h1 style=\"text-align: left;\"><strong>Founder<br \/>\nof DREAM BEAUTY PARIS<\/strong><\/h1>\n<div id=\"gtx-trans\" style=\"position: absolute; left: -22px; top: -1.0625px;\">\n<div class=\"gtx-trans-icon\"><\/div>\n<\/div>\n[\/vc_column_text][vc_column_text]Founder of DREAM BEAUTY PARIS, is an internationally recognized expert in the world of beauty and aesthetics. With a Master&#8217;s degree in law and management, she began her career as a Human Resources Director before reinventing herself to pursue her true passion: beauty.<\/p>\n<p>Trained at prestigious institutions in France and the United States, specializes in professional make-up, cosmetic tattoos and advanced aesthetic treatments. Thanks to her expertise, she has been able to innovate by integrating revolutionary techniques adapted to all skin tones and types, making DREAM BEAUTY PARIS a benchmark in several countries.<\/p>\n<p>Guided by its motto, &#8220;Excellence or nothing&#8221;, it makes a point of offering personalized service, reflecting an unwavering commitment to quality. As an accomplished entrepreneur, she passes on her know-how through accredited training courses, inspiring a new generation of professionals worldwide.<\/p>\n<div id=\"gtx-trans\" style=\"position: absolute; left: 18px; top: 38px;\">\n<div class=\"gtx-trans-icon\"><\/div>\n<\/div>\n[\/vc_column_text][\/vc_column_inner][\/vc_row_inner][\/vc_column][\/vc_row][\/vc_section]\n<\/div>","protected":false},"excerpt":{"rendered":"<p>[vc_section full_width=&#8221;stretch_row&#8221; el_id=&#8221;aboutme&#8221; css=&#8221;.vc_custom_1632589870476{padding-top: 120px !important;background-position: center !important;background-repeat: no-repeat !important;background-size: cover !important;}&#8221;][vc_row css=&#8221;.vc_custom_1632583444096{padding-top: 45px !important;background-position: center !important;background-repeat: no-repeat !important;background-size: cover !important;}&#8221;][vc_column][vc_row_inner el_class=&#8221;contenair&#8221;][vc_column_inner width=&#8221;1\/2&#8243; css=&#8221;.vc_custom_1746647619938{background-image: url(https:\/\/dreambeautyparis.com\/wp-content\/uploads\/2025\/05\/freepik__two-ultramasculin-ultra-beauty-black-american-man-__23442.png?id=118763) !important;background-position: center !important;background-repeat: no-repeat !important;background-size: contain !important;}&#8221;][vc_column_text el_id=&#8221;visio&#8221;]ABOUT ME[\/vc_column_text][vc_empty_space height=&#8221;350px&#8221;][\/vc_column_inner][vc_column_inner width=&#8221;1\/2&#8243; css=&#8221;.vc_custom_1632589765980{padding-left: 70px !important;}&#8221;][vc_column_text el_class=&#8221;titlescript&#8221;]Concept [\/vc_column_text][vc_column_text] Enhance your beauty, elevate your excellence [\/vc_column_text][vc_column_text] Dream Beauty [&hellip;]<\/p>\n","protected":false},"author":1,"featured_media":0,"parent":0,"menu_order":0,"comment_status":"closed","ping_status":"closed","template":"","meta":{"footnotes":""},"class_list":["post-114145","page","type-page","status-publish","hentry"],"acf":[],"yoast_head":"<!-- This site is optimized with the Yoast SEO plugin v24.3 - https:\/\/yoast.com\/wordpress\/plugins\/seo\/ -->\n<title>Concept - DREAM BEAUTY PARIS<\/title>\n<meta name=\"robots\" content=\"index, follow, max-snippet:-1, max-image-preview:large, max-video-preview:-1\" \/>\n<link rel=\"canonical\" href=\"https:\/\/dreambeautyparis.com\/en\/concept\/\" \/>\n<meta property=\"og:locale\" content=\"en_US\" \/>\n<meta property=\"og:type\" content=\"article\" \/>\n<meta property=\"og:title\" content=\"Concept - DREAM BEAUTY PARIS\" \/>\n<meta property=\"og:description\" content=\"[vc_section full_width=&#8221;stretch_row&#8221; el_id=&#8221;aboutme&#8221; css=&#8221;.vc_custom_1632589870476{padding-top: 120px !important;background-position: center !important;background-repeat: no-repeat !important;background-size: cover !important;}&#8221;][vc_row css=&#8221;.vc_custom_1632583444096{padding-top: 45px !important;background-position: center !important;background-repeat: no-repeat !important;background-size: cover !important;}&#8221;][vc_column][vc_row_inner el_class=&#8221;contenair&#8221;][vc_column_inner width=&#8221;1\/2&#8243; css=&#8221;.vc_custom_1746647619938{background-image: url(https:\/\/dreambeautyparis.com\/wp-content\/uploads\/2025\/05\/freepik__two-ultramasculin-ultra-beauty-black-american-man-__23442.png?id=118763) !important;background-position: center !important;background-repeat: no-repeat !important;background-size: contain !important;}&#8221;][vc_column_text el_id=&#8221;visio&#8221;]ABOUT ME[\/vc_column_text][vc_empty_space height=&#8221;350px&#8221;][\/vc_column_inner][vc_column_inner width=&#8221;1\/2&#8243; css=&#8221;.vc_custom_1632589765980{padding-left: 70px !important;}&#8221;][vc_column_text el_class=&#8221;titlescript&#8221;]Concept [\/vc_column_text][vc_column_text] Enhance your beauty, elevate your excellence [\/vc_column_text][vc_column_text] Dream Beauty [&hellip;]\" \/>\n<meta property=\"og:url\" content=\"https:\/\/dreambeautyparis.com\/en\/concept\/\" \/>\n<meta property=\"og:site_name\" content=\"DREAM BEAUTY PARIS\" \/>\n<meta property=\"article:modified_time\" content=\"2025-05-08T15:59:45+00:00\" \/>\n<meta property=\"og:image\" content=\"https:\/\/dreambeautyparis.com\/wp-content\/uploads\/2025\/05\/freepik__two-ultramasculin-ultra-beauty-black-american-man-__23440-scaled.png\" \/>\n<meta name=\"twitter:card\" content=\"summary_large_image\" \/>\n<meta name=\"twitter:label1\" content=\"Est. reading time\" \/>\n\t<meta name=\"twitter:data1\" content=\"3 minutes\" \/>\n<script type=\"application\/ld+json\" class=\"yoast-schema-graph\">{\"@context\":\"https:\/\/schema.org\",\"@graph\":[{\"@type\":\"WebPage\",\"@id\":\"https:\/\/dreambeautyparis.com\/en\/concept\/\",\"url\":\"https:\/\/dreambeautyparis.com\/en\/concept\/\",\"name\":\"Concept - DREAM BEAUTY PARIS\",\"isPartOf\":{\"@id\":\"https:\/\/dreambeautyparis.com\/en\/#website\"},\"primaryImageOfPage\":{\"@id\":\"https:\/\/dreambeautyparis.com\/en\/concept\/#primaryimage\"},\"image\":{\"@id\":\"https:\/\/dreambeautyparis.com\/en\/concept\/#primaryimage\"},\"thumbnailUrl\":\"https:\/\/dreambeautyparis.com\/wp-content\/uploads\/2025\/05\/freepik__two-ultramasculin-ultra-beauty-black-american-man-__23440-scaled.png\",\"datePublished\":\"2022-01-14T11:17:44+00:00\",\"dateModified\":\"2025-05-08T15:59:45+00:00\",\"breadcrumb\":{\"@id\":\"https:\/\/dreambeautyparis.com\/en\/concept\/#breadcrumb\"},\"inLanguage\":\"en-US\",\"potentialAction\":[{\"@type\":\"ReadAction\",\"target\":[\"https:\/\/dreambeautyparis.com\/en\/concept\/\"]}]},{\"@type\":\"ImageObject\",\"inLanguage\":\"en-US\",\"@id\":\"https:\/\/dreambeautyparis.com\/en\/concept\/#primaryimage\",\"url\":\"https:\/\/dreambeautyparis.com\/wp-content\/uploads\/2025\/05\/freepik__two-ultramasculin-ultra-beauty-black-american-man-__23440-scaled.png\",\"contentUrl\":\"https:\/\/dreambeautyparis.com\/wp-content\/uploads\/2025\/05\/freepik__two-ultramasculin-ultra-beauty-black-american-man-__23440-scaled.png\"},{\"@type\":\"BreadcrumbList\",\"@id\":\"https:\/\/dreambeautyparis.com\/en\/concept\/#breadcrumb\",\"itemListElement\":[{\"@type\":\"ListItem\",\"position\":1,\"name\":\"Accueil\",\"item\":\"https:\/\/dreambeautyparis.com\/en\/\"},{\"@type\":\"ListItem\",\"position\":2,\"name\":\"Concept\"}]},{\"@type\":\"WebSite\",\"@id\":\"https:\/\/dreambeautyparis.com\/en\/#website\",\"url\":\"https:\/\/dreambeautyparis.com\/en\/\",\"name\":\"DREAM BEAUTY PARIS\",\"description\":\"L&#039;excellence sinon rien\",\"potentialAction\":[{\"@type\":\"SearchAction\",\"target\":{\"@type\":\"EntryPoint\",\"urlTemplate\":\"https:\/\/dreambeautyparis.com\/en\/?s={search_term_string}\"},\"query-input\":{\"@type\":\"PropertyValueSpecification\",\"valueRequired\":true,\"valueName\":\"search_term_string\"}}],\"inLanguage\":\"en-US\"}]}<\/script>\n<!-- \/ Yoast SEO plugin. -->","yoast_head_json":{"title":"Concept - DREAM BEAUTY PARIS","robots":{"index":"index","follow":"follow","max-snippet":"max-snippet:-1","max-image-preview":"max-image-preview:large","max-video-preview":"max-video-preview:-1"},"canonical":"https:\/\/dreambeautyparis.com\/en\/concept\/","og_locale":"en_US","og_type":"article","og_title":"Concept - DREAM BEAUTY PARIS","og_description":"[vc_section full_width=&#8221;stretch_row&#8221; el_id=&#8221;aboutme&#8221; css=&#8221;.vc_custom_1632589870476{padding-top: 120px !important;background-position: center !important;background-repeat: no-repeat !important;background-size: cover !important;}&#8221;][vc_row css=&#8221;.vc_custom_1632583444096{padding-top: 45px !important;background-position: center !important;background-repeat: no-repeat !important;background-size: cover !important;}&#8221;][vc_column][vc_row_inner el_class=&#8221;contenair&#8221;][vc_column_inner width=&#8221;1\/2&#8243; css=&#8221;.vc_custom_1746647619938{background-image: url(https:\/\/dreambeautyparis.com\/wp-content\/uploads\/2025\/05\/freepik__two-ultramasculin-ultra-beauty-black-american-man-__23442.png?id=118763) !important;background-position: center !important;background-repeat: no-repeat !important;background-size: contain !important;}&#8221;][vc_column_text el_id=&#8221;visio&#8221;]ABOUT ME[\/vc_column_text][vc_empty_space height=&#8221;350px&#8221;][\/vc_column_inner][vc_column_inner width=&#8221;1\/2&#8243; css=&#8221;.vc_custom_1632589765980{padding-left: 70px !important;}&#8221;][vc_column_text el_class=&#8221;titlescript&#8221;]Concept [\/vc_column_text][vc_column_text] Enhance your beauty, elevate your excellence [\/vc_column_text][vc_column_text] Dream Beauty [&hellip;]","og_url":"https:\/\/dreambeautyparis.com\/en\/concept\/","og_site_name":"DREAM BEAUTY PARIS","article_modified_time":"2025-05-08T15:59:45+00:00","og_image":[{"url":"https:\/\/dreambeautyparis.com\/wp-content\/uploads\/2025\/05\/freepik__two-ultramasculin-ultra-beauty-black-american-man-__23440-scaled.png","type":"","width":"","height":""}],"twitter_card":"summary_large_image","twitter_misc":{"Est. reading time":"3 minutes"},"schema":{"@context":"https:\/\/schema.org","@graph":[{"@type":"WebPage","@id":"https:\/\/dreambeautyparis.com\/en\/concept\/","url":"https:\/\/dreambeautyparis.com\/en\/concept\/","name":"Concept - DREAM BEAUTY PARIS","isPartOf":{"@id":"https:\/\/dreambeautyparis.com\/en\/#website"},"primaryImageOfPage":{"@id":"https:\/\/dreambeautyparis.com\/en\/concept\/#primaryimage"},"image":{"@id":"https:\/\/dreambeautyparis.com\/en\/concept\/#primaryimage"},"thumbnailUrl":"https:\/\/dreambeautyparis.com\/wp-content\/uploads\/2025\/05\/freepik__two-ultramasculin-ultra-beauty-black-american-man-__23440-scaled.png","datePublished":"2022-01-14T11:17:44+00:00","dateModified":"2025-05-08T15:59:45+00:00","breadcrumb":{"@id":"https:\/\/dreambeautyparis.com\/en\/concept\/#breadcrumb"},"inLanguage":"en-US","potentialAction":[{"@type":"ReadAction","target":["https:\/\/dreambeautyparis.com\/en\/concept\/"]}]},{"@type":"ImageObject","inLanguage":"en-US","@id":"https:\/\/dreambeautyparis.com\/en\/concept\/#primaryimage","url":"https:\/\/dreambeautyparis.com\/wp-content\/uploads\/2025\/05\/freepik__two-ultramasculin-ultra-beauty-black-american-man-__23440-scaled.png","contentUrl":"https:\/\/dreambeautyparis.com\/wp-content\/uploads\/2025\/05\/freepik__two-ultramasculin-ultra-beauty-black-american-man-__23440-scaled.png"},{"@type":"BreadcrumbList","@id":"https:\/\/dreambeautyparis.com\/en\/concept\/#breadcrumb","itemListElement":[{"@type":"ListItem","position":1,"name":"Accueil","item":"https:\/\/dreambeautyparis.com\/en\/"},{"@type":"ListItem","position":2,"name":"Concept"}]},{"@type":"WebSite","@id":"https:\/\/dreambeautyparis.com\/en\/#website","url":"https:\/\/dreambeautyparis.com\/en\/","name":"DREAM BEAUTY PARIS","description":"L&#039;excellence sinon rien","potentialAction":[{"@type":"SearchAction","target":{"@type":"EntryPoint","urlTemplate":"https:\/\/dreambeautyparis.com\/en\/?s={search_term_string}"},"query-input":{"@type":"PropertyValueSpecification","valueRequired":true,"valueName":"search_term_string"}}],"inLanguage":"en-US"}]}},"_links":{"self":[{"href":"https:\/\/dreambeautyparis.com\/en\/wp-json\/wp\/v2\/pages\/114145","targetHints":{"allow":["GET"]}}],"collection":[{"href":"https:\/\/dreambeautyparis.com\/en\/wp-json\/wp\/v2\/pages"}],"about":[{"href":"https:\/\/dreambeautyparis.com\/en\/wp-json\/wp\/v2\/types\/page"}],"author":[{"embeddable":true,"href":"https:\/\/dreambeautyparis.com\/en\/wp-json\/wp\/v2\/users\/1"}],"replies":[{"embeddable":true,"href":"https:\/\/dreambeautyparis.com\/en\/wp-json\/wp\/v2\/comments?post=114145"}],"version-history":[{"count":0,"href":"https:\/\/dreambeautyparis.com\/en\/wp-json\/wp\/v2\/pages\/114145\/revisions"}],"wp:attachment":[{"href":"https:\/\/dreambeautyparis.com\/en\/wp-json\/wp\/v2\/media?parent=114145"}],"curies":[{"name":"wp","href":"https:\/\/api.w.org\/{rel}","templated":true}]}}