{"id":118987,"date":"2025-05-19T19:40:54","date_gmt":"2025-05-19T17:40:54","guid":{"rendered":"https:\/\/dreambeautyparis.com\/product\/soin-anti-acne\/"},"modified":"2025-05-20T02:49:36","modified_gmt":"2025-05-20T00:49:36","slug":"soin-anti-acne","status":"publish","type":"product","link":"https:\/\/dreambeautyparis.com\/en\/product\/soin-anti-acne\/","title":{"rendered":"Soin anti-acn\u00e9"},"content":{"rendered":"<p>Contribue \u00e0 apaiser la peau et \u00e0 r\u00e9duire les rougeurs associ\u00e9es aux imperfections. Les ingr\u00e9dients antibact\u00e9riens tels que l\u2019acide salicylique et l\u2019huile d&#8217;arbre \u00e0 th\u00e9 conf\u00e8rent \u00e0 la peau un aspect lumineux et sain. Appliquez une petite quantit\u00e9 de produit sur une peau propre, directement sur l\u2019imperfection.<\/p>\n","protected":false},"excerpt":{"rendered":"<p>Contribue \u00e0 apaiser la peau et \u00e0 r\u00e9duire les rougeurs associ\u00e9es aux imperfections. Les ingr\u00e9dients antibact\u00e9riens tels que l\u2019acide salicylique et l\u2019huile d&#8217;arbre \u00e0 th\u00e9 conf\u00e8rent \u00e0 la peau un aspect lumineux et sain. Appliquez une petite quantit\u00e9 de produit sur une peau propre, directement sur l\u2019imperfection.<\/p>\n","protected":false},"featured_media":118934,"comment_status":"closed","ping_status":"closed","template":"","meta":[],"product_brand":[],"product_cat":[833],"product_tag":[1022,1024,1025,990,1026,963,1027,1028,1029,950,1030],"class_list":{"0":"post-118987","1":"product","2":"type-product","3":"status-publish","4":"has-post-thumbnail","6":"product_cat-non-classifiee","7":"product_tag-acide-salicylique-principes-actifs-en","8":"product_tag-acne-prone-skin-types-de-peau-en","9":"product_tag-apporte-un-soulagement-a-la-peau-en","10":"product_tag-blanche-couleur-de-lemballage-en-2","11":"product_tag-imperfections-inquietude-en","12":"product_tag-peaux-grasses-types-de-peau-en","13":"product_tag-reduit-les-rougeurs-autour-de-limperfection-en","14":"product_tag-sans-gluten-reclamations-en","15":"product_tag-sans-noix-reclamations-en","16":"product_tag-soins-du-visage-en","17":"product_tag-vegetalien-reclamations-en","19":"first","20":"instock","21":"taxable","22":"shipping-taxable","23":"purchasable","24":"product-type-simple"},"acf":[],"yoast_head":"<!-- This site is optimized with the Yoast SEO plugin v24.3 - https:\/\/yoast.com\/wordpress\/plugins\/seo\/ -->\n<title>Soin anti-acn\u00e9 - DREAM BEAUTY PARIS<\/title>\n<meta name=\"robots\" content=\"index, follow, max-snippet:-1, max-image-preview:large, max-video-preview:-1\" \/>\n<link rel=\"canonical\" href=\"https:\/\/dreambeautyparis.com\/en\/product\/soin-anti-acne\/\" \/>\n<meta property=\"og:locale\" content=\"en_US\" \/>\n<meta property=\"og:type\" content=\"article\" \/>\n<meta property=\"og:title\" content=\"Soin anti-acn\u00e9 - DREAM BEAUTY PARIS\" \/>\n<meta property=\"og:description\" content=\"Contribue \u00e0 apaiser la peau et \u00e0 r\u00e9duire les rougeurs associ\u00e9es aux imperfections. Les ingr\u00e9dients antibact\u00e9riens tels que l\u2019acide salicylique et l\u2019huile d&#039;arbre \u00e0 th\u00e9 conf\u00e8rent \u00e0 la peau un aspect lumineux et sain. Appliquez une petite quantit\u00e9 de produit sur une peau propre, directement sur l\u2019imperfection.\" \/>\n<meta property=\"og:url\" content=\"https:\/\/dreambeautyparis.com\/en\/product\/soin-anti-acne\/\" \/>\n<meta property=\"og:site_name\" content=\"DREAM BEAUTY PARIS\" \/>\n<meta property=\"article:modified_time\" content=\"2025-05-20T00:49:36+00:00\" \/>\n<meta property=\"og:image\" content=\"https:\/\/dreambeautyparis.com\/wp-content\/uploads\/2025\/05\/VBcZRT6yzihuBijyjD8nSPooCtBjqLrM-scaled.jpg\" \/>\n\t<meta property=\"og:image:width\" content=\"1930\" \/>\n\t<meta property=\"og:image:height\" content=\"2560\" \/>\n\t<meta property=\"og:image:type\" content=\"image\/jpeg\" \/>\n<meta name=\"twitter:card\" content=\"summary_large_image\" \/>\n<meta name=\"twitter:label1\" content=\"Est. reading time\" \/>\n\t<meta name=\"twitter:data1\" content=\"1 minute\" \/>\n<script type=\"application\/ld+json\" class=\"yoast-schema-graph\">{\"@context\":\"https:\/\/schema.org\",\"@graph\":[{\"@type\":\"WebPage\",\"@id\":\"https:\/\/dreambeautyparis.com\/en\/product\/soin-anti-acne\/\",\"url\":\"https:\/\/dreambeautyparis.com\/en\/product\/soin-anti-acne\/\",\"name\":\"Soin anti-acn\u00e9 - DREAM BEAUTY PARIS\",\"isPartOf\":{\"@id\":\"https:\/\/dreambeautyparis.com\/en\/#website\"},\"primaryImageOfPage\":{\"@id\":\"https:\/\/dreambeautyparis.com\/en\/product\/soin-anti-acne\/#primaryimage\"},\"image\":{\"@id\":\"https:\/\/dreambeautyparis.com\/en\/product\/soin-anti-acne\/#primaryimage\"},\"thumbnailUrl\":\"https:\/\/i0.wp.com\/dreambeautyparis.com\/wp-content\/uploads\/2025\/05\/VBcZRT6yzihuBijyjD8nSPooCtBjqLrM-scaled.jpg?fit=1930%2C2560&ssl=1\",\"datePublished\":\"2025-05-19T17:40:54+00:00\",\"dateModified\":\"2025-05-20T00:49:36+00:00\",\"breadcrumb\":{\"@id\":\"https:\/\/dreambeautyparis.com\/en\/product\/soin-anti-acne\/#breadcrumb\"},\"inLanguage\":\"en-US\",\"potentialAction\":[{\"@type\":\"ReadAction\",\"target\":[\"https:\/\/dreambeautyparis.com\/en\/product\/soin-anti-acne\/\"]}]},{\"@type\":\"ImageObject\",\"inLanguage\":\"en-US\",\"@id\":\"https:\/\/dreambeautyparis.com\/en\/product\/soin-anti-acne\/#primaryimage\",\"url\":\"https:\/\/i0.wp.com\/dreambeautyparis.com\/wp-content\/uploads\/2025\/05\/VBcZRT6yzihuBijyjD8nSPooCtBjqLrM-scaled.jpg?fit=1930%2C2560&ssl=1\",\"contentUrl\":\"https:\/\/i0.wp.com\/dreambeautyparis.com\/wp-content\/uploads\/2025\/05\/VBcZRT6yzihuBijyjD8nSPooCtBjqLrM-scaled.jpg?fit=1930%2C2560&ssl=1\",\"width\":1930,\"height\":2560},{\"@type\":\"BreadcrumbList\",\"@id\":\"https:\/\/dreambeautyparis.com\/en\/product\/soin-anti-acne\/#breadcrumb\",\"itemListElement\":[{\"@type\":\"ListItem\",\"position\":1,\"name\":\"Accueil\",\"item\":\"https:\/\/dreambeautyparis.com\/en\/\"},{\"@type\":\"ListItem\",\"position\":2,\"name\":\"Store\",\"item\":\"https:\/\/dreambeautyparis.com\/en\/store\/\"},{\"@type\":\"ListItem\",\"position\":3,\"name\":\"Soin anti-acn\u00e9\"}]},{\"@type\":\"WebSite\",\"@id\":\"https:\/\/dreambeautyparis.com\/en\/#website\",\"url\":\"https:\/\/dreambeautyparis.com\/en\/\",\"name\":\"DREAM BEAUTY PARIS\",\"description\":\"L&#039;excellence sinon rien\",\"potentialAction\":[{\"@type\":\"SearchAction\",\"target\":{\"@type\":\"EntryPoint\",\"urlTemplate\":\"https:\/\/dreambeautyparis.com\/en\/?s={search_term_string}\"},\"query-input\":{\"@type\":\"PropertyValueSpecification\",\"valueRequired\":true,\"valueName\":\"search_term_string\"}}],\"inLanguage\":\"en-US\"}]}<\/script>\n<!-- \/ Yoast SEO plugin. -->","yoast_head_json":{"title":"Soin anti-acn\u00e9 - DREAM BEAUTY PARIS","robots":{"index":"index","follow":"follow","max-snippet":"max-snippet:-1","max-image-preview":"max-image-preview:large","max-video-preview":"max-video-preview:-1"},"canonical":"https:\/\/dreambeautyparis.com\/en\/product\/soin-anti-acne\/","og_locale":"en_US","og_type":"article","og_title":"Soin anti-acn\u00e9 - DREAM BEAUTY PARIS","og_description":"Contribue \u00e0 apaiser la peau et \u00e0 r\u00e9duire les rougeurs associ\u00e9es aux imperfections. Les ingr\u00e9dients antibact\u00e9riens tels que l\u2019acide salicylique et l\u2019huile d'arbre \u00e0 th\u00e9 conf\u00e8rent \u00e0 la peau un aspect lumineux et sain. Appliquez une petite quantit\u00e9 de produit sur une peau propre, directement sur l\u2019imperfection.","og_url":"https:\/\/dreambeautyparis.com\/en\/product\/soin-anti-acne\/","og_site_name":"DREAM BEAUTY PARIS","article_modified_time":"2025-05-20T00:49:36+00:00","og_image":[{"width":1930,"height":2560,"url":"https:\/\/dreambeautyparis.com\/wp-content\/uploads\/2025\/05\/VBcZRT6yzihuBijyjD8nSPooCtBjqLrM-scaled.jpg","type":"image\/jpeg"}],"twitter_card":"summary_large_image","twitter_misc":{"Est. reading time":"1 minute"},"schema":{"@context":"https:\/\/schema.org","@graph":[{"@type":"WebPage","@id":"https:\/\/dreambeautyparis.com\/en\/product\/soin-anti-acne\/","url":"https:\/\/dreambeautyparis.com\/en\/product\/soin-anti-acne\/","name":"Soin anti-acn\u00e9 - DREAM BEAUTY PARIS","isPartOf":{"@id":"https:\/\/dreambeautyparis.com\/en\/#website"},"primaryImageOfPage":{"@id":"https:\/\/dreambeautyparis.com\/en\/product\/soin-anti-acne\/#primaryimage"},"image":{"@id":"https:\/\/dreambeautyparis.com\/en\/product\/soin-anti-acne\/#primaryimage"},"thumbnailUrl":"https:\/\/i0.wp.com\/dreambeautyparis.com\/wp-content\/uploads\/2025\/05\/VBcZRT6yzihuBijyjD8nSPooCtBjqLrM-scaled.jpg?fit=1930%2C2560&ssl=1","datePublished":"2025-05-19T17:40:54+00:00","dateModified":"2025-05-20T00:49:36+00:00","breadcrumb":{"@id":"https:\/\/dreambeautyparis.com\/en\/product\/soin-anti-acne\/#breadcrumb"},"inLanguage":"en-US","potentialAction":[{"@type":"ReadAction","target":["https:\/\/dreambeautyparis.com\/en\/product\/soin-anti-acne\/"]}]},{"@type":"ImageObject","inLanguage":"en-US","@id":"https:\/\/dreambeautyparis.com\/en\/product\/soin-anti-acne\/#primaryimage","url":"https:\/\/i0.wp.com\/dreambeautyparis.com\/wp-content\/uploads\/2025\/05\/VBcZRT6yzihuBijyjD8nSPooCtBjqLrM-scaled.jpg?fit=1930%2C2560&ssl=1","contentUrl":"https:\/\/i0.wp.com\/dreambeautyparis.com\/wp-content\/uploads\/2025\/05\/VBcZRT6yzihuBijyjD8nSPooCtBjqLrM-scaled.jpg?fit=1930%2C2560&ssl=1","width":1930,"height":2560},{"@type":"BreadcrumbList","@id":"https:\/\/dreambeautyparis.com\/en\/product\/soin-anti-acne\/#breadcrumb","itemListElement":[{"@type":"ListItem","position":1,"name":"Accueil","item":"https:\/\/dreambeautyparis.com\/en\/"},{"@type":"ListItem","position":2,"name":"Store","item":"https:\/\/dreambeautyparis.com\/en\/store\/"},{"@type":"ListItem","position":3,"name":"Soin anti-acn\u00e9"}]},{"@type":"WebSite","@id":"https:\/\/dreambeautyparis.com\/en\/#website","url":"https:\/\/dreambeautyparis.com\/en\/","name":"DREAM BEAUTY PARIS","description":"L&#039;excellence sinon rien","potentialAction":[{"@type":"SearchAction","target":{"@type":"EntryPoint","urlTemplate":"https:\/\/dreambeautyparis.com\/en\/?s={search_term_string}"},"query-input":{"@type":"PropertyValueSpecification","valueRequired":true,"valueName":"search_term_string"}}],"inLanguage":"en-US"}]}},"_links":{"self":[{"href":"https:\/\/dreambeautyparis.com\/en\/wp-json\/wp\/v2\/product\/118987","targetHints":{"allow":["GET"]}}],"collection":[{"href":"https:\/\/dreambeautyparis.com\/en\/wp-json\/wp\/v2\/product"}],"about":[{"href":"https:\/\/dreambeautyparis.com\/en\/wp-json\/wp\/v2\/types\/product"}],"replies":[{"embeddable":true,"href":"https:\/\/dreambeautyparis.com\/en\/wp-json\/wp\/v2\/comments?post=118987"}],"wp:featuredmedia":[{"embeddable":true,"href":"https:\/\/dreambeautyparis.com\/en\/wp-json\/wp\/v2\/media\/118934"}],"wp:attachment":[{"href":"https:\/\/dreambeautyparis.com\/en\/wp-json\/wp\/v2\/media?parent=118987"}],"wp:term":[{"taxonomy":"product_brand","embeddable":true,"href":"https:\/\/dreambeautyparis.com\/en\/wp-json\/wp\/v2\/product_brand?post=118987"},{"taxonomy":"product_cat","embeddable":true,"href":"https:\/\/dreambeautyparis.com\/en\/wp-json\/wp\/v2\/product_cat?post=118987"},{"taxonomy":"product_tag","embeddable":true,"href":"https:\/\/dreambeautyparis.com\/en\/wp-json\/wp\/v2\/product_tag?post=118987"}],"curies":[{"name":"wp","href":"https:\/\/api.w.org\/{rel}","templated":true}]}}