{"id":118988,"date":"2025-05-19T19:41:04","date_gmt":"2025-05-19T17:41:04","guid":{"rendered":"https:\/\/dreambeautyparis.com\/product\/tonique-hydratant\/"},"modified":"2025-05-20T02:49:45","modified_gmt":"2025-05-20T00:49:45","slug":"tonique-hydratant","status":"publish","type":"product","link":"https:\/\/dreambeautyparis.com\/en\/product\/tonique-hydratant\/","title":{"rendered":"Tonique hydratant"},"content":{"rendered":"<p>Hydrate et contribue \u00e0 pr\u00e9server le pH naturel de la peau pour laisser celle-ci \u00e9clatante et confortable apr\u00e8s nettoyage. Enrichi en eau de rose et acide hyaluronique pour une hydratation accrue. Verser le produit dans les mains et appliquer sur l\u2019ensemble du visage. \u00c9viter tout contact direct avec les yeux.<\/p>\n","protected":false},"excerpt":{"rendered":"<p>Hydrate et contribue \u00e0 pr\u00e9server le pH naturel de la peau pour laisser celle-ci \u00e9clatante et confortable apr\u00e8s nettoyage. Enrichi en eau de rose et acide hyaluronique pour une hydratation accrue. Verser le produit dans les mains et appliquer sur l\u2019ensemble du visage. \u00c9viter tout contact direct avec les yeux.<\/p>\n","protected":false},"featured_media":118939,"comment_status":"closed","ping_status":"closed","template":"","meta":[],"product_brand":[],"product_cat":[833],"product_tag":[937,990,960,1023,1031,1032,946,947,948,949,1033,1034,1028,1029,1035,950,1036,1030],"class_list":{"0":"post-118988","1":"product","2":"type-product","3":"status-publish","4":"has-post-thumbnail","6":"product_cat-non-classifiee","7":"product_tag-acide-hyaluronique-principes-actifs-en","8":"product_tag-blanche-couleur-de-lemballage-en-2","9":"product_tag-certifie-naturel-reclamations-en","10":"product_tag-ideal-pour-les-peaux-ternes-en","11":"product_tag-maquillage-inquietude-en","12":"product_tag-nettoyage-inquietude-en","13":"product_tag-peaux-deshydratees-inquietude-en","14":"product_tag-peaux-matures-types-de-peau-en","15":"product_tag-peaux-normales-types-de-peau-en","16":"product_tag-peaux-seches-types-de-peau-en","17":"product_tag-procure-une-sensation-de-fraicheur-en","18":"product_tag-sans-allergene-sur-letiquette-reclamations-en","19":"product_tag-sans-gluten-reclamations-en","20":"product_tag-sans-noix-reclamations-en","21":"product_tag-sans-parfum-reclamations-en","22":"product_tag-soins-du-visage-en","23":"product_tag-toner-type-en","24":"product_tag-vegetalien-reclamations-en","26":"first","27":"instock","28":"taxable","29":"shipping-taxable","30":"purchasable","31":"product-type-simple"},"acf":[],"yoast_head":"<!-- This site is optimized with the Yoast SEO plugin v24.3 - https:\/\/yoast.com\/wordpress\/plugins\/seo\/ -->\n<title>Tonique hydratant - DREAM BEAUTY PARIS<\/title>\n<meta name=\"robots\" content=\"index, follow, max-snippet:-1, max-image-preview:large, max-video-preview:-1\" \/>\n<link rel=\"canonical\" href=\"https:\/\/dreambeautyparis.com\/en\/product\/tonique-hydratant\/\" \/>\n<meta property=\"og:locale\" content=\"en_US\" \/>\n<meta property=\"og:type\" content=\"article\" \/>\n<meta property=\"og:title\" content=\"Tonique hydratant - DREAM BEAUTY PARIS\" \/>\n<meta property=\"og:description\" content=\"Hydrate et contribue \u00e0 pr\u00e9server le pH naturel de la peau pour laisser celle-ci \u00e9clatante et confortable apr\u00e8s nettoyage. Enrichi en eau de rose et acide hyaluronique pour une hydratation accrue. Verser le produit dans les mains et appliquer sur l\u2019ensemble du visage. \u00c9viter tout contact direct avec les yeux.\" \/>\n<meta property=\"og:url\" content=\"https:\/\/dreambeautyparis.com\/en\/product\/tonique-hydratant\/\" \/>\n<meta property=\"og:site_name\" content=\"DREAM BEAUTY PARIS\" \/>\n<meta property=\"article:modified_time\" content=\"2025-05-20T00:49:45+00:00\" \/>\n<meta property=\"og:image\" content=\"https:\/\/dreambeautyparis.com\/wp-content\/uploads\/2025\/05\/zOMgg-cNOLdz6lUNl_9yVYM47gMRP8HJ-scaled.jpg\" \/>\n\t<meta property=\"og:image:width\" content=\"1930\" \/>\n\t<meta property=\"og:image:height\" content=\"2560\" \/>\n\t<meta property=\"og:image:type\" content=\"image\/jpeg\" \/>\n<meta name=\"twitter:card\" content=\"summary_large_image\" \/>\n<meta name=\"twitter:label1\" content=\"Est. reading time\" \/>\n\t<meta name=\"twitter:data1\" content=\"1 minute\" \/>\n<script type=\"application\/ld+json\" class=\"yoast-schema-graph\">{\"@context\":\"https:\/\/schema.org\",\"@graph\":[{\"@type\":\"WebPage\",\"@id\":\"https:\/\/dreambeautyparis.com\/en\/product\/tonique-hydratant\/\",\"url\":\"https:\/\/dreambeautyparis.com\/en\/product\/tonique-hydratant\/\",\"name\":\"Tonique hydratant - DREAM BEAUTY PARIS\",\"isPartOf\":{\"@id\":\"https:\/\/dreambeautyparis.com\/en\/#website\"},\"primaryImageOfPage\":{\"@id\":\"https:\/\/dreambeautyparis.com\/en\/product\/tonique-hydratant\/#primaryimage\"},\"image\":{\"@id\":\"https:\/\/dreambeautyparis.com\/en\/product\/tonique-hydratant\/#primaryimage\"},\"thumbnailUrl\":\"https:\/\/i0.wp.com\/dreambeautyparis.com\/wp-content\/uploads\/2025\/05\/zOMgg-cNOLdz6lUNl_9yVYM47gMRP8HJ-scaled.jpg?fit=1930%2C2560&ssl=1\",\"datePublished\":\"2025-05-19T17:41:04+00:00\",\"dateModified\":\"2025-05-20T00:49:45+00:00\",\"breadcrumb\":{\"@id\":\"https:\/\/dreambeautyparis.com\/en\/product\/tonique-hydratant\/#breadcrumb\"},\"inLanguage\":\"en-US\",\"potentialAction\":[{\"@type\":\"ReadAction\",\"target\":[\"https:\/\/dreambeautyparis.com\/en\/product\/tonique-hydratant\/\"]}]},{\"@type\":\"ImageObject\",\"inLanguage\":\"en-US\",\"@id\":\"https:\/\/dreambeautyparis.com\/en\/product\/tonique-hydratant\/#primaryimage\",\"url\":\"https:\/\/i0.wp.com\/dreambeautyparis.com\/wp-content\/uploads\/2025\/05\/zOMgg-cNOLdz6lUNl_9yVYM47gMRP8HJ-scaled.jpg?fit=1930%2C2560&ssl=1\",\"contentUrl\":\"https:\/\/i0.wp.com\/dreambeautyparis.com\/wp-content\/uploads\/2025\/05\/zOMgg-cNOLdz6lUNl_9yVYM47gMRP8HJ-scaled.jpg?fit=1930%2C2560&ssl=1\",\"width\":1930,\"height\":2560},{\"@type\":\"BreadcrumbList\",\"@id\":\"https:\/\/dreambeautyparis.com\/en\/product\/tonique-hydratant\/#breadcrumb\",\"itemListElement\":[{\"@type\":\"ListItem\",\"position\":1,\"name\":\"Accueil\",\"item\":\"https:\/\/dreambeautyparis.com\/en\/\"},{\"@type\":\"ListItem\",\"position\":2,\"name\":\"Store\",\"item\":\"https:\/\/dreambeautyparis.com\/en\/store\/\"},{\"@type\":\"ListItem\",\"position\":3,\"name\":\"Tonique hydratant\"}]},{\"@type\":\"WebSite\",\"@id\":\"https:\/\/dreambeautyparis.com\/en\/#website\",\"url\":\"https:\/\/dreambeautyparis.com\/en\/\",\"name\":\"DREAM BEAUTY PARIS\",\"description\":\"L&#039;excellence sinon rien\",\"potentialAction\":[{\"@type\":\"SearchAction\",\"target\":{\"@type\":\"EntryPoint\",\"urlTemplate\":\"https:\/\/dreambeautyparis.com\/en\/?s={search_term_string}\"},\"query-input\":{\"@type\":\"PropertyValueSpecification\",\"valueRequired\":true,\"valueName\":\"search_term_string\"}}],\"inLanguage\":\"en-US\"}]}<\/script>\n<!-- \/ Yoast SEO plugin. -->","yoast_head_json":{"title":"Tonique hydratant - DREAM BEAUTY PARIS","robots":{"index":"index","follow":"follow","max-snippet":"max-snippet:-1","max-image-preview":"max-image-preview:large","max-video-preview":"max-video-preview:-1"},"canonical":"https:\/\/dreambeautyparis.com\/en\/product\/tonique-hydratant\/","og_locale":"en_US","og_type":"article","og_title":"Tonique hydratant - DREAM BEAUTY PARIS","og_description":"Hydrate et contribue \u00e0 pr\u00e9server le pH naturel de la peau pour laisser celle-ci \u00e9clatante et confortable apr\u00e8s nettoyage. Enrichi en eau de rose et acide hyaluronique pour une hydratation accrue. Verser le produit dans les mains et appliquer sur l\u2019ensemble du visage. \u00c9viter tout contact direct avec les yeux.","og_url":"https:\/\/dreambeautyparis.com\/en\/product\/tonique-hydratant\/","og_site_name":"DREAM BEAUTY PARIS","article_modified_time":"2025-05-20T00:49:45+00:00","og_image":[{"width":1930,"height":2560,"url":"https:\/\/dreambeautyparis.com\/wp-content\/uploads\/2025\/05\/zOMgg-cNOLdz6lUNl_9yVYM47gMRP8HJ-scaled.jpg","type":"image\/jpeg"}],"twitter_card":"summary_large_image","twitter_misc":{"Est. reading time":"1 minute"},"schema":{"@context":"https:\/\/schema.org","@graph":[{"@type":"WebPage","@id":"https:\/\/dreambeautyparis.com\/en\/product\/tonique-hydratant\/","url":"https:\/\/dreambeautyparis.com\/en\/product\/tonique-hydratant\/","name":"Tonique hydratant - DREAM BEAUTY PARIS","isPartOf":{"@id":"https:\/\/dreambeautyparis.com\/en\/#website"},"primaryImageOfPage":{"@id":"https:\/\/dreambeautyparis.com\/en\/product\/tonique-hydratant\/#primaryimage"},"image":{"@id":"https:\/\/dreambeautyparis.com\/en\/product\/tonique-hydratant\/#primaryimage"},"thumbnailUrl":"https:\/\/i0.wp.com\/dreambeautyparis.com\/wp-content\/uploads\/2025\/05\/zOMgg-cNOLdz6lUNl_9yVYM47gMRP8HJ-scaled.jpg?fit=1930%2C2560&ssl=1","datePublished":"2025-05-19T17:41:04+00:00","dateModified":"2025-05-20T00:49:45+00:00","breadcrumb":{"@id":"https:\/\/dreambeautyparis.com\/en\/product\/tonique-hydratant\/#breadcrumb"},"inLanguage":"en-US","potentialAction":[{"@type":"ReadAction","target":["https:\/\/dreambeautyparis.com\/en\/product\/tonique-hydratant\/"]}]},{"@type":"ImageObject","inLanguage":"en-US","@id":"https:\/\/dreambeautyparis.com\/en\/product\/tonique-hydratant\/#primaryimage","url":"https:\/\/i0.wp.com\/dreambeautyparis.com\/wp-content\/uploads\/2025\/05\/zOMgg-cNOLdz6lUNl_9yVYM47gMRP8HJ-scaled.jpg?fit=1930%2C2560&ssl=1","contentUrl":"https:\/\/i0.wp.com\/dreambeautyparis.com\/wp-content\/uploads\/2025\/05\/zOMgg-cNOLdz6lUNl_9yVYM47gMRP8HJ-scaled.jpg?fit=1930%2C2560&ssl=1","width":1930,"height":2560},{"@type":"BreadcrumbList","@id":"https:\/\/dreambeautyparis.com\/en\/product\/tonique-hydratant\/#breadcrumb","itemListElement":[{"@type":"ListItem","position":1,"name":"Accueil","item":"https:\/\/dreambeautyparis.com\/en\/"},{"@type":"ListItem","position":2,"name":"Store","item":"https:\/\/dreambeautyparis.com\/en\/store\/"},{"@type":"ListItem","position":3,"name":"Tonique hydratant"}]},{"@type":"WebSite","@id":"https:\/\/dreambeautyparis.com\/en\/#website","url":"https:\/\/dreambeautyparis.com\/en\/","name":"DREAM BEAUTY PARIS","description":"L&#039;excellence sinon rien","potentialAction":[{"@type":"SearchAction","target":{"@type":"EntryPoint","urlTemplate":"https:\/\/dreambeautyparis.com\/en\/?s={search_term_string}"},"query-input":{"@type":"PropertyValueSpecification","valueRequired":true,"valueName":"search_term_string"}}],"inLanguage":"en-US"}]}},"_links":{"self":[{"href":"https:\/\/dreambeautyparis.com\/en\/wp-json\/wp\/v2\/product\/118988","targetHints":{"allow":["GET"]}}],"collection":[{"href":"https:\/\/dreambeautyparis.com\/en\/wp-json\/wp\/v2\/product"}],"about":[{"href":"https:\/\/dreambeautyparis.com\/en\/wp-json\/wp\/v2\/types\/product"}],"replies":[{"embeddable":true,"href":"https:\/\/dreambeautyparis.com\/en\/wp-json\/wp\/v2\/comments?post=118988"}],"wp:featuredmedia":[{"embeddable":true,"href":"https:\/\/dreambeautyparis.com\/en\/wp-json\/wp\/v2\/media\/118939"}],"wp:attachment":[{"href":"https:\/\/dreambeautyparis.com\/en\/wp-json\/wp\/v2\/media?parent=118988"}],"wp:term":[{"taxonomy":"product_brand","embeddable":true,"href":"https:\/\/dreambeautyparis.com\/en\/wp-json\/wp\/v2\/product_brand?post=118988"},{"taxonomy":"product_cat","embeddable":true,"href":"https:\/\/dreambeautyparis.com\/en\/wp-json\/wp\/v2\/product_cat?post=118988"},{"taxonomy":"product_tag","embeddable":true,"href":"https:\/\/dreambeautyparis.com\/en\/wp-json\/wp\/v2\/product_tag?post=118988"}],"curies":[{"name":"wp","href":"https:\/\/api.w.org\/{rel}","templated":true}]}}