{"id":118991,"date":"2025-05-19T19:41:23","date_gmt":"2025-05-19T17:41:23","guid":{"rendered":"https:\/\/dreambeautyparis.com\/product\/protection-solaire-spf50-stick-avec-teinte\/"},"modified":"2025-05-20T02:50:06","modified_gmt":"2025-05-20T00:50:06","slug":"protection-solaire-spf50-stick-avec-teinte","status":"publish","type":"product","link":"https:\/\/dreambeautyparis.com\/en\/product\/protection-solaire-spf50-stick-avec-teinte\/","title":{"rendered":"Protection solaire SPF50 Stick, avec teinte"},"content":{"rendered":"<p>Ce stick solaire \u00e0 base de min\u00e9raux offre une protection puissante \u00e0 large spectre contre les UVA\/UVB avec un SPF 50. Sa formule lisse et fondante glisse facilement, assurant une couverture uniforme pour tous les types de peau, y compris les zones sensibles. Parfait pour une application en d\u00e9placement, c&#8217;est un produit indispensable pour une protection solaire quotidienne.<\/p>\n<p>AVERTISSEMENT : Le stick ne garantit pas une protection \u00e0 100 %. L&#8217;exposition prolong\u00e9e au soleil est une menace s\u00e9rieuse pour la sant\u00e9, \u00e9vitez-la, m\u00eame si vous utilisez un \u00e9cran solaire.<\/p>\n","protected":false},"excerpt":{"rendered":"<p>Ce stick solaire \u00e0 base de min\u00e9raux offre une protection puissante \u00e0 large spectre contre les UVA\/UVB avec un SPF 50. Sa formule lisse et fondante glisse facilement, assurant une couverture uniforme pour tous les types de peau, y compris les zones sensibles. Parfait pour une application en d\u00e9placement, c&#8217;est un produit indispensable pour une protection solaire quotidienne.<\/p>\n<p>AVERTISSEMENT : Le stick ne garantit pas une protection \u00e0 100 %. L&#8217;exposition prolong\u00e9e au soleil est une menace s\u00e9rieuse pour la sant\u00e9, \u00e9vitez-la, m\u00eame si vous utilisez un \u00e9cran solaire.<\/p>\n","protected":false},"featured_media":118954,"comment_status":"closed","ping_status":"closed","template":"","meta":[],"product_brand":[],"product_cat":[833],"product_tag":[953,1037,990,1038,1039,1040,1041,950,1042],"class_list":{"0":"post-118991","1":"product","2":"type-product","3":"status-publish","4":"has-post-thumbnail","6":"product_cat-non-classifiee","7":"product_tag-all-skin-types-types-de-peau-en","8":"product_tag-baton-type-en","9":"product_tag-blanche-couleur-de-lemballage-en-2","10":"product_tag-creme-solaire-type-en","11":"product_tag-facile-a-utiliser-en","12":"product_tag-protection-solaire-en","13":"product_tag-soins-solaires-inquietude-en","14":"product_tag-soins-du-visage-en","15":"product_tag-teste-dermatologiquement-reclamations-en","17":"first","18":"instock","19":"taxable","20":"shipping-taxable","21":"purchasable","22":"product-type-simple"},"acf":[],"yoast_head":"<!-- This site is optimized with the Yoast SEO plugin v24.3 - https:\/\/yoast.com\/wordpress\/plugins\/seo\/ -->\n<title>Protection solaire SPF50 Stick, avec teinte - DREAM BEAUTY PARIS<\/title>\n<meta name=\"robots\" content=\"index, follow, max-snippet:-1, max-image-preview:large, max-video-preview:-1\" \/>\n<link rel=\"canonical\" href=\"https:\/\/dreambeautyparis.com\/en\/product\/protection-solaire-spf50-stick-avec-teinte\/\" \/>\n<meta property=\"og:locale\" content=\"en_US\" \/>\n<meta property=\"og:type\" content=\"article\" \/>\n<meta property=\"og:title\" content=\"Protection solaire SPF50 Stick, avec teinte - DREAM BEAUTY PARIS\" \/>\n<meta property=\"og:description\" content=\"Ce stick solaire \u00e0 base de min\u00e9raux offre une protection puissante \u00e0 large spectre contre les UVA\/UVB avec un SPF 50. Sa formule lisse et fondante glisse facilement, assurant une couverture uniforme pour tous les types de peau, y compris les zones sensibles. Parfait pour une application en d\u00e9placement, c&#039;est un produit indispensable pour une protection solaire quotidienne.  AVERTISSEMENT : Le stick ne garantit pas une protection \u00e0 100 %. L&#039;exposition prolong\u00e9e au soleil est une menace s\u00e9rieuse pour la sant\u00e9, \u00e9vitez-la, m\u00eame si vous utilisez un \u00e9cran solaire.\" \/>\n<meta property=\"og:url\" content=\"https:\/\/dreambeautyparis.com\/en\/product\/protection-solaire-spf50-stick-avec-teinte\/\" \/>\n<meta property=\"og:site_name\" content=\"DREAM BEAUTY PARIS\" \/>\n<meta property=\"article:modified_time\" content=\"2025-05-20T00:50:06+00:00\" \/>\n<meta property=\"og:image\" content=\"https:\/\/dreambeautyparis.com\/wp-content\/uploads\/2025\/05\/V0ibX20j3-bcZnKVgrXdq0h4lE1FMD1K-scaled.jpg\" \/>\n\t<meta property=\"og:image:width\" content=\"1930\" \/>\n\t<meta property=\"og:image:height\" content=\"2560\" \/>\n\t<meta property=\"og:image:type\" content=\"image\/jpeg\" \/>\n<meta name=\"twitter:card\" content=\"summary_large_image\" \/>\n<meta name=\"twitter:label1\" content=\"Est. reading time\" \/>\n\t<meta name=\"twitter:data1\" content=\"1 minute\" \/>\n<script type=\"application\/ld+json\" class=\"yoast-schema-graph\">{\"@context\":\"https:\/\/schema.org\",\"@graph\":[{\"@type\":\"WebPage\",\"@id\":\"https:\/\/dreambeautyparis.com\/en\/product\/protection-solaire-spf50-stick-avec-teinte\/\",\"url\":\"https:\/\/dreambeautyparis.com\/en\/product\/protection-solaire-spf50-stick-avec-teinte\/\",\"name\":\"Protection solaire SPF50 Stick, avec teinte - DREAM BEAUTY PARIS\",\"isPartOf\":{\"@id\":\"https:\/\/dreambeautyparis.com\/en\/#website\"},\"primaryImageOfPage\":{\"@id\":\"https:\/\/dreambeautyparis.com\/en\/product\/protection-solaire-spf50-stick-avec-teinte\/#primaryimage\"},\"image\":{\"@id\":\"https:\/\/dreambeautyparis.com\/en\/product\/protection-solaire-spf50-stick-avec-teinte\/#primaryimage\"},\"thumbnailUrl\":\"https:\/\/i0.wp.com\/dreambeautyparis.com\/wp-content\/uploads\/2025\/05\/V0ibX20j3-bcZnKVgrXdq0h4lE1FMD1K-scaled.jpg?fit=1930%2C2560&ssl=1\",\"datePublished\":\"2025-05-19T17:41:23+00:00\",\"dateModified\":\"2025-05-20T00:50:06+00:00\",\"breadcrumb\":{\"@id\":\"https:\/\/dreambeautyparis.com\/en\/product\/protection-solaire-spf50-stick-avec-teinte\/#breadcrumb\"},\"inLanguage\":\"en-US\",\"potentialAction\":[{\"@type\":\"ReadAction\",\"target\":[\"https:\/\/dreambeautyparis.com\/en\/product\/protection-solaire-spf50-stick-avec-teinte\/\"]}]},{\"@type\":\"ImageObject\",\"inLanguage\":\"en-US\",\"@id\":\"https:\/\/dreambeautyparis.com\/en\/product\/protection-solaire-spf50-stick-avec-teinte\/#primaryimage\",\"url\":\"https:\/\/i0.wp.com\/dreambeautyparis.com\/wp-content\/uploads\/2025\/05\/V0ibX20j3-bcZnKVgrXdq0h4lE1FMD1K-scaled.jpg?fit=1930%2C2560&ssl=1\",\"contentUrl\":\"https:\/\/i0.wp.com\/dreambeautyparis.com\/wp-content\/uploads\/2025\/05\/V0ibX20j3-bcZnKVgrXdq0h4lE1FMD1K-scaled.jpg?fit=1930%2C2560&ssl=1\",\"width\":1930,\"height\":2560},{\"@type\":\"BreadcrumbList\",\"@id\":\"https:\/\/dreambeautyparis.com\/en\/product\/protection-solaire-spf50-stick-avec-teinte\/#breadcrumb\",\"itemListElement\":[{\"@type\":\"ListItem\",\"position\":1,\"name\":\"Accueil\",\"item\":\"https:\/\/dreambeautyparis.com\/en\/\"},{\"@type\":\"ListItem\",\"position\":2,\"name\":\"Store\",\"item\":\"https:\/\/dreambeautyparis.com\/en\/store\/\"},{\"@type\":\"ListItem\",\"position\":3,\"name\":\"Protection solaire SPF50 Stick, avec teinte\"}]},{\"@type\":\"WebSite\",\"@id\":\"https:\/\/dreambeautyparis.com\/en\/#website\",\"url\":\"https:\/\/dreambeautyparis.com\/en\/\",\"name\":\"DREAM BEAUTY PARIS\",\"description\":\"L&#039;excellence sinon rien\",\"potentialAction\":[{\"@type\":\"SearchAction\",\"target\":{\"@type\":\"EntryPoint\",\"urlTemplate\":\"https:\/\/dreambeautyparis.com\/en\/?s={search_term_string}\"},\"query-input\":{\"@type\":\"PropertyValueSpecification\",\"valueRequired\":true,\"valueName\":\"search_term_string\"}}],\"inLanguage\":\"en-US\"}]}<\/script>\n<!-- \/ Yoast SEO plugin. -->","yoast_head_json":{"title":"Protection solaire SPF50 Stick, avec teinte - DREAM BEAUTY PARIS","robots":{"index":"index","follow":"follow","max-snippet":"max-snippet:-1","max-image-preview":"max-image-preview:large","max-video-preview":"max-video-preview:-1"},"canonical":"https:\/\/dreambeautyparis.com\/en\/product\/protection-solaire-spf50-stick-avec-teinte\/","og_locale":"en_US","og_type":"article","og_title":"Protection solaire SPF50 Stick, avec teinte - DREAM BEAUTY PARIS","og_description":"Ce stick solaire \u00e0 base de min\u00e9raux offre une protection puissante \u00e0 large spectre contre les UVA\/UVB avec un SPF 50. Sa formule lisse et fondante glisse facilement, assurant une couverture uniforme pour tous les types de peau, y compris les zones sensibles. Parfait pour une application en d\u00e9placement, c'est un produit indispensable pour une protection solaire quotidienne.  AVERTISSEMENT : Le stick ne garantit pas une protection \u00e0 100 %. L'exposition prolong\u00e9e au soleil est une menace s\u00e9rieuse pour la sant\u00e9, \u00e9vitez-la, m\u00eame si vous utilisez un \u00e9cran solaire.","og_url":"https:\/\/dreambeautyparis.com\/en\/product\/protection-solaire-spf50-stick-avec-teinte\/","og_site_name":"DREAM BEAUTY PARIS","article_modified_time":"2025-05-20T00:50:06+00:00","og_image":[{"width":1930,"height":2560,"url":"https:\/\/dreambeautyparis.com\/wp-content\/uploads\/2025\/05\/V0ibX20j3-bcZnKVgrXdq0h4lE1FMD1K-scaled.jpg","type":"image\/jpeg"}],"twitter_card":"summary_large_image","twitter_misc":{"Est. reading time":"1 minute"},"schema":{"@context":"https:\/\/schema.org","@graph":[{"@type":"WebPage","@id":"https:\/\/dreambeautyparis.com\/en\/product\/protection-solaire-spf50-stick-avec-teinte\/","url":"https:\/\/dreambeautyparis.com\/en\/product\/protection-solaire-spf50-stick-avec-teinte\/","name":"Protection solaire SPF50 Stick, avec teinte - DREAM BEAUTY PARIS","isPartOf":{"@id":"https:\/\/dreambeautyparis.com\/en\/#website"},"primaryImageOfPage":{"@id":"https:\/\/dreambeautyparis.com\/en\/product\/protection-solaire-spf50-stick-avec-teinte\/#primaryimage"},"image":{"@id":"https:\/\/dreambeautyparis.com\/en\/product\/protection-solaire-spf50-stick-avec-teinte\/#primaryimage"},"thumbnailUrl":"https:\/\/i0.wp.com\/dreambeautyparis.com\/wp-content\/uploads\/2025\/05\/V0ibX20j3-bcZnKVgrXdq0h4lE1FMD1K-scaled.jpg?fit=1930%2C2560&ssl=1","datePublished":"2025-05-19T17:41:23+00:00","dateModified":"2025-05-20T00:50:06+00:00","breadcrumb":{"@id":"https:\/\/dreambeautyparis.com\/en\/product\/protection-solaire-spf50-stick-avec-teinte\/#breadcrumb"},"inLanguage":"en-US","potentialAction":[{"@type":"ReadAction","target":["https:\/\/dreambeautyparis.com\/en\/product\/protection-solaire-spf50-stick-avec-teinte\/"]}]},{"@type":"ImageObject","inLanguage":"en-US","@id":"https:\/\/dreambeautyparis.com\/en\/product\/protection-solaire-spf50-stick-avec-teinte\/#primaryimage","url":"https:\/\/i0.wp.com\/dreambeautyparis.com\/wp-content\/uploads\/2025\/05\/V0ibX20j3-bcZnKVgrXdq0h4lE1FMD1K-scaled.jpg?fit=1930%2C2560&ssl=1","contentUrl":"https:\/\/i0.wp.com\/dreambeautyparis.com\/wp-content\/uploads\/2025\/05\/V0ibX20j3-bcZnKVgrXdq0h4lE1FMD1K-scaled.jpg?fit=1930%2C2560&ssl=1","width":1930,"height":2560},{"@type":"BreadcrumbList","@id":"https:\/\/dreambeautyparis.com\/en\/product\/protection-solaire-spf50-stick-avec-teinte\/#breadcrumb","itemListElement":[{"@type":"ListItem","position":1,"name":"Accueil","item":"https:\/\/dreambeautyparis.com\/en\/"},{"@type":"ListItem","position":2,"name":"Store","item":"https:\/\/dreambeautyparis.com\/en\/store\/"},{"@type":"ListItem","position":3,"name":"Protection solaire SPF50 Stick, avec teinte"}]},{"@type":"WebSite","@id":"https:\/\/dreambeautyparis.com\/en\/#website","url":"https:\/\/dreambeautyparis.com\/en\/","name":"DREAM BEAUTY PARIS","description":"L&#039;excellence sinon rien","potentialAction":[{"@type":"SearchAction","target":{"@type":"EntryPoint","urlTemplate":"https:\/\/dreambeautyparis.com\/en\/?s={search_term_string}"},"query-input":{"@type":"PropertyValueSpecification","valueRequired":true,"valueName":"search_term_string"}}],"inLanguage":"en-US"}]}},"_links":{"self":[{"href":"https:\/\/dreambeautyparis.com\/en\/wp-json\/wp\/v2\/product\/118991","targetHints":{"allow":["GET"]}}],"collection":[{"href":"https:\/\/dreambeautyparis.com\/en\/wp-json\/wp\/v2\/product"}],"about":[{"href":"https:\/\/dreambeautyparis.com\/en\/wp-json\/wp\/v2\/types\/product"}],"replies":[{"embeddable":true,"href":"https:\/\/dreambeautyparis.com\/en\/wp-json\/wp\/v2\/comments?post=118991"}],"wp:featuredmedia":[{"embeddable":true,"href":"https:\/\/dreambeautyparis.com\/en\/wp-json\/wp\/v2\/media\/118954"}],"wp:attachment":[{"href":"https:\/\/dreambeautyparis.com\/en\/wp-json\/wp\/v2\/media?parent=118991"}],"wp:term":[{"taxonomy":"product_brand","embeddable":true,"href":"https:\/\/dreambeautyparis.com\/en\/wp-json\/wp\/v2\/product_brand?post=118991"},{"taxonomy":"product_cat","embeddable":true,"href":"https:\/\/dreambeautyparis.com\/en\/wp-json\/wp\/v2\/product_cat?post=118991"},{"taxonomy":"product_tag","embeddable":true,"href":"https:\/\/dreambeautyparis.com\/en\/wp-json\/wp\/v2\/product_tag?post=118991"}],"curies":[{"name":"wp","href":"https:\/\/api.w.org\/{rel}","templated":true}]}}