{"id":118992,"date":"2025-05-19T19:41:33","date_gmt":"2025-05-19T17:41:33","guid":{"rendered":"https:\/\/dreambeautyparis.com\/product\/serum-aux-peptides-effet-botox\/"},"modified":"2025-05-20T02:50:10","modified_gmt":"2025-05-20T00:50:10","slug":"serum-aux-peptides-effet-botox","status":"publish","type":"product","link":"https:\/\/dreambeautyparis.com\/en\/product\/serum-aux-peptides-effet-botox\/","title":{"rendered":"S\u00e9rum aux peptides effet Botox"},"content":{"rendered":"<p>S\u00e9rum lissant pour la peau, enrichi d&#8217;ingr\u00e9dients anti-\u00e2ge de haute performance pour donner \u00e0 la peau un aspect plus rebondi et favoriser son \u00e9lasticit\u00e9. L&#8217;huile de graines de myrtille riche en antioxydants et les extraits de ginkgo assurent une protection, tandis que les peptides et l&#8217;acide hyaluronique contribuent \u00e0 att\u00e9nuer les rides. Appliquer sur une peau propre.<\/p>\n","protected":false},"excerpt":{"rendered":"<p>S\u00e9rum lissant pour la peau, enrichi d&#8217;ingr\u00e9dients anti-\u00e2ge de haute performance pour donner \u00e0 la peau un aspect plus rebondi et favoriser son \u00e9lasticit\u00e9. L&#8217;huile de graines de myrtille riche en antioxydants et les extraits de ginkgo assurent une protection, tandis que les peptides et l&#8217;acide hyaluronique contribuent \u00e0 att\u00e9nuer les rides. Appliquer sur une peau propre.<\/p>\n","protected":false},"featured_media":118959,"comment_status":"closed","ping_status":"closed","template":"","meta":[],"product_brand":[],"product_cat":[833],"product_tag":[937,1043,938,990,1044,944,1045,945,946,947,948,949,1046,1047,950,951],"class_list":{"0":"post-118992","1":"product","2":"type-product","3":"status-publish","4":"has-post-thumbnail","6":"product_cat-non-classifiee","7":"product_tag-acide-hyaluronique-principes-actifs-en","8":"product_tag-ameliore-la-barriere-cutanee-en","9":"product_tag-anti-age-inquietude-en","10":"product_tag-blanche-couleur-de-lemballage-en-2","11":"product_tag-booste-lelasticite-en","12":"product_tag-jus-daloe-vera-principes-actifs-en","13":"product_tag-les-peptides-principes-actifs-en","14":"product_tag-pca-de-sodium-principes-actifs-en","15":"product_tag-peaux-deshydratees-inquietude-en","16":"product_tag-peaux-matures-types-de-peau-en","17":"product_tag-peaux-normales-types-de-peau-en","18":"product_tag-peaux-seches-types-de-peau-en","19":"product_tag-riche-en-antioxydants-en","20":"product_tag-serums-type-en","21":"product_tag-soins-du-visage-en","22":"product_tag-transparente-couleur-de-lemballage-en","24":"first","25":"instock","26":"taxable","27":"shipping-taxable","28":"purchasable","29":"product-type-simple"},"acf":[],"yoast_head":"<!-- This site is optimized with the Yoast SEO plugin v24.3 - https:\/\/yoast.com\/wordpress\/plugins\/seo\/ -->\n<title>S\u00e9rum aux peptides effet Botox - DREAM BEAUTY PARIS<\/title>\n<meta name=\"robots\" content=\"index, follow, max-snippet:-1, max-image-preview:large, max-video-preview:-1\" \/>\n<link rel=\"canonical\" href=\"https:\/\/dreambeautyparis.com\/en\/product\/serum-aux-peptides-effet-botox\/\" \/>\n<meta property=\"og:locale\" content=\"en_US\" \/>\n<meta property=\"og:type\" content=\"article\" \/>\n<meta property=\"og:title\" content=\"S\u00e9rum aux peptides effet Botox - DREAM BEAUTY PARIS\" \/>\n<meta property=\"og:description\" content=\"S\u00e9rum lissant pour la peau, enrichi d&#039;ingr\u00e9dients anti-\u00e2ge de haute performance pour donner \u00e0 la peau un aspect plus rebondi et favoriser son \u00e9lasticit\u00e9. L&#039;huile de graines de myrtille riche en antioxydants et les extraits de ginkgo assurent une protection, tandis que les peptides et l&#039;acide hyaluronique contribuent \u00e0 att\u00e9nuer les rides. Appliquer sur une peau propre.\" \/>\n<meta property=\"og:url\" content=\"https:\/\/dreambeautyparis.com\/en\/product\/serum-aux-peptides-effet-botox\/\" \/>\n<meta property=\"og:site_name\" content=\"DREAM BEAUTY PARIS\" \/>\n<meta property=\"article:modified_time\" content=\"2025-05-20T00:50:10+00:00\" \/>\n<meta property=\"og:image\" content=\"https:\/\/dreambeautyparis.com\/wp-content\/uploads\/2025\/05\/7bPiP6KLVCd5L5IF0W-xQc02wxD73FM3-scaled.jpg\" \/>\n\t<meta property=\"og:image:width\" content=\"1930\" \/>\n\t<meta property=\"og:image:height\" content=\"2560\" \/>\n\t<meta property=\"og:image:type\" content=\"image\/jpeg\" \/>\n<meta name=\"twitter:card\" content=\"summary_large_image\" \/>\n<meta name=\"twitter:label1\" content=\"Est. reading time\" \/>\n\t<meta name=\"twitter:data1\" content=\"1 minute\" \/>\n<script type=\"application\/ld+json\" class=\"yoast-schema-graph\">{\"@context\":\"https:\/\/schema.org\",\"@graph\":[{\"@type\":\"WebPage\",\"@id\":\"https:\/\/dreambeautyparis.com\/en\/product\/serum-aux-peptides-effet-botox\/\",\"url\":\"https:\/\/dreambeautyparis.com\/en\/product\/serum-aux-peptides-effet-botox\/\",\"name\":\"S\u00e9rum aux peptides effet Botox - DREAM BEAUTY PARIS\",\"isPartOf\":{\"@id\":\"https:\/\/dreambeautyparis.com\/en\/#website\"},\"primaryImageOfPage\":{\"@id\":\"https:\/\/dreambeautyparis.com\/en\/product\/serum-aux-peptides-effet-botox\/#primaryimage\"},\"image\":{\"@id\":\"https:\/\/dreambeautyparis.com\/en\/product\/serum-aux-peptides-effet-botox\/#primaryimage\"},\"thumbnailUrl\":\"https:\/\/i0.wp.com\/dreambeautyparis.com\/wp-content\/uploads\/2025\/05\/7bPiP6KLVCd5L5IF0W-xQc02wxD73FM3-scaled.jpg?fit=1930%2C2560&ssl=1\",\"datePublished\":\"2025-05-19T17:41:33+00:00\",\"dateModified\":\"2025-05-20T00:50:10+00:00\",\"breadcrumb\":{\"@id\":\"https:\/\/dreambeautyparis.com\/en\/product\/serum-aux-peptides-effet-botox\/#breadcrumb\"},\"inLanguage\":\"en-US\",\"potentialAction\":[{\"@type\":\"ReadAction\",\"target\":[\"https:\/\/dreambeautyparis.com\/en\/product\/serum-aux-peptides-effet-botox\/\"]}]},{\"@type\":\"ImageObject\",\"inLanguage\":\"en-US\",\"@id\":\"https:\/\/dreambeautyparis.com\/en\/product\/serum-aux-peptides-effet-botox\/#primaryimage\",\"url\":\"https:\/\/i0.wp.com\/dreambeautyparis.com\/wp-content\/uploads\/2025\/05\/7bPiP6KLVCd5L5IF0W-xQc02wxD73FM3-scaled.jpg?fit=1930%2C2560&ssl=1\",\"contentUrl\":\"https:\/\/i0.wp.com\/dreambeautyparis.com\/wp-content\/uploads\/2025\/05\/7bPiP6KLVCd5L5IF0W-xQc02wxD73FM3-scaled.jpg?fit=1930%2C2560&ssl=1\",\"width\":1930,\"height\":2560},{\"@type\":\"BreadcrumbList\",\"@id\":\"https:\/\/dreambeautyparis.com\/en\/product\/serum-aux-peptides-effet-botox\/#breadcrumb\",\"itemListElement\":[{\"@type\":\"ListItem\",\"position\":1,\"name\":\"Accueil\",\"item\":\"https:\/\/dreambeautyparis.com\/en\/\"},{\"@type\":\"ListItem\",\"position\":2,\"name\":\"Store\",\"item\":\"https:\/\/dreambeautyparis.com\/en\/store\/\"},{\"@type\":\"ListItem\",\"position\":3,\"name\":\"S\u00e9rum aux peptides effet Botox\"}]},{\"@type\":\"WebSite\",\"@id\":\"https:\/\/dreambeautyparis.com\/en\/#website\",\"url\":\"https:\/\/dreambeautyparis.com\/en\/\",\"name\":\"DREAM BEAUTY PARIS\",\"description\":\"L&#039;excellence sinon rien\",\"potentialAction\":[{\"@type\":\"SearchAction\",\"target\":{\"@type\":\"EntryPoint\",\"urlTemplate\":\"https:\/\/dreambeautyparis.com\/en\/?s={search_term_string}\"},\"query-input\":{\"@type\":\"PropertyValueSpecification\",\"valueRequired\":true,\"valueName\":\"search_term_string\"}}],\"inLanguage\":\"en-US\"}]}<\/script>\n<!-- \/ Yoast SEO plugin. -->","yoast_head_json":{"title":"S\u00e9rum aux peptides effet Botox - DREAM BEAUTY PARIS","robots":{"index":"index","follow":"follow","max-snippet":"max-snippet:-1","max-image-preview":"max-image-preview:large","max-video-preview":"max-video-preview:-1"},"canonical":"https:\/\/dreambeautyparis.com\/en\/product\/serum-aux-peptides-effet-botox\/","og_locale":"en_US","og_type":"article","og_title":"S\u00e9rum aux peptides effet Botox - DREAM BEAUTY PARIS","og_description":"S\u00e9rum lissant pour la peau, enrichi d'ingr\u00e9dients anti-\u00e2ge de haute performance pour donner \u00e0 la peau un aspect plus rebondi et favoriser son \u00e9lasticit\u00e9. L'huile de graines de myrtille riche en antioxydants et les extraits de ginkgo assurent une protection, tandis que les peptides et l'acide hyaluronique contribuent \u00e0 att\u00e9nuer les rides. Appliquer sur une peau propre.","og_url":"https:\/\/dreambeautyparis.com\/en\/product\/serum-aux-peptides-effet-botox\/","og_site_name":"DREAM BEAUTY PARIS","article_modified_time":"2025-05-20T00:50:10+00:00","og_image":[{"width":1930,"height":2560,"url":"https:\/\/dreambeautyparis.com\/wp-content\/uploads\/2025\/05\/7bPiP6KLVCd5L5IF0W-xQc02wxD73FM3-scaled.jpg","type":"image\/jpeg"}],"twitter_card":"summary_large_image","twitter_misc":{"Est. reading time":"1 minute"},"schema":{"@context":"https:\/\/schema.org","@graph":[{"@type":"WebPage","@id":"https:\/\/dreambeautyparis.com\/en\/product\/serum-aux-peptides-effet-botox\/","url":"https:\/\/dreambeautyparis.com\/en\/product\/serum-aux-peptides-effet-botox\/","name":"S\u00e9rum aux peptides effet Botox - DREAM BEAUTY PARIS","isPartOf":{"@id":"https:\/\/dreambeautyparis.com\/en\/#website"},"primaryImageOfPage":{"@id":"https:\/\/dreambeautyparis.com\/en\/product\/serum-aux-peptides-effet-botox\/#primaryimage"},"image":{"@id":"https:\/\/dreambeautyparis.com\/en\/product\/serum-aux-peptides-effet-botox\/#primaryimage"},"thumbnailUrl":"https:\/\/i0.wp.com\/dreambeautyparis.com\/wp-content\/uploads\/2025\/05\/7bPiP6KLVCd5L5IF0W-xQc02wxD73FM3-scaled.jpg?fit=1930%2C2560&ssl=1","datePublished":"2025-05-19T17:41:33+00:00","dateModified":"2025-05-20T00:50:10+00:00","breadcrumb":{"@id":"https:\/\/dreambeautyparis.com\/en\/product\/serum-aux-peptides-effet-botox\/#breadcrumb"},"inLanguage":"en-US","potentialAction":[{"@type":"ReadAction","target":["https:\/\/dreambeautyparis.com\/en\/product\/serum-aux-peptides-effet-botox\/"]}]},{"@type":"ImageObject","inLanguage":"en-US","@id":"https:\/\/dreambeautyparis.com\/en\/product\/serum-aux-peptides-effet-botox\/#primaryimage","url":"https:\/\/i0.wp.com\/dreambeautyparis.com\/wp-content\/uploads\/2025\/05\/7bPiP6KLVCd5L5IF0W-xQc02wxD73FM3-scaled.jpg?fit=1930%2C2560&ssl=1","contentUrl":"https:\/\/i0.wp.com\/dreambeautyparis.com\/wp-content\/uploads\/2025\/05\/7bPiP6KLVCd5L5IF0W-xQc02wxD73FM3-scaled.jpg?fit=1930%2C2560&ssl=1","width":1930,"height":2560},{"@type":"BreadcrumbList","@id":"https:\/\/dreambeautyparis.com\/en\/product\/serum-aux-peptides-effet-botox\/#breadcrumb","itemListElement":[{"@type":"ListItem","position":1,"name":"Accueil","item":"https:\/\/dreambeautyparis.com\/en\/"},{"@type":"ListItem","position":2,"name":"Store","item":"https:\/\/dreambeautyparis.com\/en\/store\/"},{"@type":"ListItem","position":3,"name":"S\u00e9rum aux peptides effet Botox"}]},{"@type":"WebSite","@id":"https:\/\/dreambeautyparis.com\/en\/#website","url":"https:\/\/dreambeautyparis.com\/en\/","name":"DREAM BEAUTY PARIS","description":"L&#039;excellence sinon rien","potentialAction":[{"@type":"SearchAction","target":{"@type":"EntryPoint","urlTemplate":"https:\/\/dreambeautyparis.com\/en\/?s={search_term_string}"},"query-input":{"@type":"PropertyValueSpecification","valueRequired":true,"valueName":"search_term_string"}}],"inLanguage":"en-US"}]}},"_links":{"self":[{"href":"https:\/\/dreambeautyparis.com\/en\/wp-json\/wp\/v2\/product\/118992","targetHints":{"allow":["GET"]}}],"collection":[{"href":"https:\/\/dreambeautyparis.com\/en\/wp-json\/wp\/v2\/product"}],"about":[{"href":"https:\/\/dreambeautyparis.com\/en\/wp-json\/wp\/v2\/types\/product"}],"replies":[{"embeddable":true,"href":"https:\/\/dreambeautyparis.com\/en\/wp-json\/wp\/v2\/comments?post=118992"}],"wp:featuredmedia":[{"embeddable":true,"href":"https:\/\/dreambeautyparis.com\/en\/wp-json\/wp\/v2\/media\/118959"}],"wp:attachment":[{"href":"https:\/\/dreambeautyparis.com\/en\/wp-json\/wp\/v2\/media?parent=118992"}],"wp:term":[{"taxonomy":"product_brand","embeddable":true,"href":"https:\/\/dreambeautyparis.com\/en\/wp-json\/wp\/v2\/product_brand?post=118992"},{"taxonomy":"product_cat","embeddable":true,"href":"https:\/\/dreambeautyparis.com\/en\/wp-json\/wp\/v2\/product_cat?post=118992"},{"taxonomy":"product_tag","embeddable":true,"href":"https:\/\/dreambeautyparis.com\/en\/wp-json\/wp\/v2\/product_tag?post=118992"}],"curies":[{"name":"wp","href":"https:\/\/api.w.org\/{rel}","templated":true}]}}