{"id":118993,"date":"2025-05-19T19:41:39","date_gmt":"2025-05-19T17:41:39","guid":{"rendered":"https:\/\/dreambeautyparis.com\/product\/serum-collagene-boost\/"},"modified":"2025-05-20T02:50:19","modified_gmt":"2025-05-20T00:50:19","slug":"serum-collagene-boost","status":"publish","type":"product","link":"https:\/\/dreambeautyparis.com\/en\/product\/serum-collagene-boost\/","title":{"rendered":"S\u00e9rum Collag\u00e8ne Boost"},"content":{"rendered":"<p>Apporte \u00e0 votre peau l&#8217;hydratation dont elle a tant besoin et une dose d&#8217;actifs puissants qui contribuent \u00e0 lui donner une apparence plus jeune. La peau para\u00eet plus lisse et plus ferme. La texture l\u00e9g\u00e8re et rapidement absorb\u00e9e laisse la peau fra\u00eeche et fra\u00eeche. Appliquer sur une peau propre.<\/p>\n","protected":false},"excerpt":{"rendered":"<p>Apporte \u00e0 votre peau l&#8217;hydratation dont elle a tant besoin et une dose d&#8217;actifs puissants qui contribuent \u00e0 lui donner une apparence plus jeune. La peau para\u00eet plus lisse et plus ferme. La texture l\u00e9g\u00e8re et rapidement absorb\u00e9e laisse la peau fra\u00eeche et fra\u00eeche. Appliquer sur une peau propre.<\/p>\n","protected":false},"featured_media":118964,"comment_status":"closed","ping_status":"closed","template":"","meta":[],"product_brand":[],"product_cat":[833],"product_tag":[937,953,938,990,1048,945,946,947,949,1049,1047,950,1050,951],"class_list":{"0":"post-118993","1":"product","2":"type-product","3":"status-publish","4":"has-post-thumbnail","6":"product_cat-non-classifiee","7":"product_tag-acide-hyaluronique-principes-actifs-en","8":"product_tag-all-skin-types-types-de-peau-en","9":"product_tag-anti-age-inquietude-en","10":"product_tag-blanche-couleur-de-lemballage-en-2","11":"product_tag-collagene-principes-actifs-en","12":"product_tag-pca-de-sodium-principes-actifs-en","13":"product_tag-peaux-deshydratees-inquietude-en","14":"product_tag-peaux-matures-types-de-peau-en","15":"product_tag-peaux-seches-types-de-peau-en","16":"product_tag-reconstitue-lhydratation-en","17":"product_tag-serums-type-en","18":"product_tag-soins-du-visage-en","19":"product_tag-texture-innovante-a-absorption-rapide-en","20":"product_tag-transparente-couleur-de-lemballage-en","22":"first","23":"instock","24":"taxable","25":"shipping-taxable","26":"purchasable","27":"product-type-simple"},"acf":[],"yoast_head":"<!-- This site is optimized with the Yoast SEO plugin v24.3 - https:\/\/yoast.com\/wordpress\/plugins\/seo\/ -->\n<title>S\u00e9rum Collag\u00e8ne Boost - DREAM BEAUTY PARIS<\/title>\n<meta name=\"robots\" content=\"index, follow, max-snippet:-1, max-image-preview:large, max-video-preview:-1\" \/>\n<link rel=\"canonical\" href=\"https:\/\/dreambeautyparis.com\/en\/product\/serum-collagene-boost\/\" \/>\n<meta property=\"og:locale\" content=\"en_US\" \/>\n<meta property=\"og:type\" content=\"article\" \/>\n<meta property=\"og:title\" content=\"S\u00e9rum Collag\u00e8ne Boost - DREAM BEAUTY PARIS\" \/>\n<meta property=\"og:description\" content=\"Apporte \u00e0 votre peau l&#039;hydratation dont elle a tant besoin et une dose d&#039;actifs puissants qui contribuent \u00e0 lui donner une apparence plus jeune. La peau para\u00eet plus lisse et plus ferme. La texture l\u00e9g\u00e8re et rapidement absorb\u00e9e laisse la peau fra\u00eeche et fra\u00eeche. Appliquer sur une peau propre.\" \/>\n<meta property=\"og:url\" content=\"https:\/\/dreambeautyparis.com\/en\/product\/serum-collagene-boost\/\" \/>\n<meta property=\"og:site_name\" content=\"DREAM BEAUTY PARIS\" \/>\n<meta property=\"article:modified_time\" content=\"2025-05-20T00:50:19+00:00\" \/>\n<meta property=\"og:image\" content=\"https:\/\/dreambeautyparis.com\/wp-content\/uploads\/2025\/05\/9VxvDDx65dQv_pNd_fAq7RZKMpugUtDF-scaled.jpg\" \/>\n\t<meta property=\"og:image:width\" content=\"1930\" \/>\n\t<meta property=\"og:image:height\" content=\"2560\" \/>\n\t<meta property=\"og:image:type\" content=\"image\/jpeg\" \/>\n<meta name=\"twitter:card\" content=\"summary_large_image\" \/>\n<meta name=\"twitter:label1\" content=\"Est. reading time\" \/>\n\t<meta name=\"twitter:data1\" content=\"1 minute\" \/>\n<script type=\"application\/ld+json\" class=\"yoast-schema-graph\">{\"@context\":\"https:\/\/schema.org\",\"@graph\":[{\"@type\":\"WebPage\",\"@id\":\"https:\/\/dreambeautyparis.com\/en\/product\/serum-collagene-boost\/\",\"url\":\"https:\/\/dreambeautyparis.com\/en\/product\/serum-collagene-boost\/\",\"name\":\"S\u00e9rum Collag\u00e8ne Boost - DREAM BEAUTY PARIS\",\"isPartOf\":{\"@id\":\"https:\/\/dreambeautyparis.com\/en\/#website\"},\"primaryImageOfPage\":{\"@id\":\"https:\/\/dreambeautyparis.com\/en\/product\/serum-collagene-boost\/#primaryimage\"},\"image\":{\"@id\":\"https:\/\/dreambeautyparis.com\/en\/product\/serum-collagene-boost\/#primaryimage\"},\"thumbnailUrl\":\"https:\/\/i0.wp.com\/dreambeautyparis.com\/wp-content\/uploads\/2025\/05\/9VxvDDx65dQv_pNd_fAq7RZKMpugUtDF-scaled.jpg?fit=1930%2C2560&ssl=1\",\"datePublished\":\"2025-05-19T17:41:39+00:00\",\"dateModified\":\"2025-05-20T00:50:19+00:00\",\"breadcrumb\":{\"@id\":\"https:\/\/dreambeautyparis.com\/en\/product\/serum-collagene-boost\/#breadcrumb\"},\"inLanguage\":\"en-US\",\"potentialAction\":[{\"@type\":\"ReadAction\",\"target\":[\"https:\/\/dreambeautyparis.com\/en\/product\/serum-collagene-boost\/\"]}]},{\"@type\":\"ImageObject\",\"inLanguage\":\"en-US\",\"@id\":\"https:\/\/dreambeautyparis.com\/en\/product\/serum-collagene-boost\/#primaryimage\",\"url\":\"https:\/\/i0.wp.com\/dreambeautyparis.com\/wp-content\/uploads\/2025\/05\/9VxvDDx65dQv_pNd_fAq7RZKMpugUtDF-scaled.jpg?fit=1930%2C2560&ssl=1\",\"contentUrl\":\"https:\/\/i0.wp.com\/dreambeautyparis.com\/wp-content\/uploads\/2025\/05\/9VxvDDx65dQv_pNd_fAq7RZKMpugUtDF-scaled.jpg?fit=1930%2C2560&ssl=1\",\"width\":1930,\"height\":2560},{\"@type\":\"BreadcrumbList\",\"@id\":\"https:\/\/dreambeautyparis.com\/en\/product\/serum-collagene-boost\/#breadcrumb\",\"itemListElement\":[{\"@type\":\"ListItem\",\"position\":1,\"name\":\"Accueil\",\"item\":\"https:\/\/dreambeautyparis.com\/en\/\"},{\"@type\":\"ListItem\",\"position\":2,\"name\":\"Store\",\"item\":\"https:\/\/dreambeautyparis.com\/en\/store\/\"},{\"@type\":\"ListItem\",\"position\":3,\"name\":\"S\u00e9rum Collag\u00e8ne Boost\"}]},{\"@type\":\"WebSite\",\"@id\":\"https:\/\/dreambeautyparis.com\/en\/#website\",\"url\":\"https:\/\/dreambeautyparis.com\/en\/\",\"name\":\"DREAM BEAUTY PARIS\",\"description\":\"L&#039;excellence sinon rien\",\"potentialAction\":[{\"@type\":\"SearchAction\",\"target\":{\"@type\":\"EntryPoint\",\"urlTemplate\":\"https:\/\/dreambeautyparis.com\/en\/?s={search_term_string}\"},\"query-input\":{\"@type\":\"PropertyValueSpecification\",\"valueRequired\":true,\"valueName\":\"search_term_string\"}}],\"inLanguage\":\"en-US\"}]}<\/script>\n<!-- \/ Yoast SEO plugin. -->","yoast_head_json":{"title":"S\u00e9rum Collag\u00e8ne Boost - DREAM BEAUTY PARIS","robots":{"index":"index","follow":"follow","max-snippet":"max-snippet:-1","max-image-preview":"max-image-preview:large","max-video-preview":"max-video-preview:-1"},"canonical":"https:\/\/dreambeautyparis.com\/en\/product\/serum-collagene-boost\/","og_locale":"en_US","og_type":"article","og_title":"S\u00e9rum Collag\u00e8ne Boost - DREAM BEAUTY PARIS","og_description":"Apporte \u00e0 votre peau l'hydratation dont elle a tant besoin et une dose d'actifs puissants qui contribuent \u00e0 lui donner une apparence plus jeune. La peau para\u00eet plus lisse et plus ferme. La texture l\u00e9g\u00e8re et rapidement absorb\u00e9e laisse la peau fra\u00eeche et fra\u00eeche. Appliquer sur une peau propre.","og_url":"https:\/\/dreambeautyparis.com\/en\/product\/serum-collagene-boost\/","og_site_name":"DREAM BEAUTY PARIS","article_modified_time":"2025-05-20T00:50:19+00:00","og_image":[{"width":1930,"height":2560,"url":"https:\/\/dreambeautyparis.com\/wp-content\/uploads\/2025\/05\/9VxvDDx65dQv_pNd_fAq7RZKMpugUtDF-scaled.jpg","type":"image\/jpeg"}],"twitter_card":"summary_large_image","twitter_misc":{"Est. reading time":"1 minute"},"schema":{"@context":"https:\/\/schema.org","@graph":[{"@type":"WebPage","@id":"https:\/\/dreambeautyparis.com\/en\/product\/serum-collagene-boost\/","url":"https:\/\/dreambeautyparis.com\/en\/product\/serum-collagene-boost\/","name":"S\u00e9rum Collag\u00e8ne Boost - DREAM BEAUTY PARIS","isPartOf":{"@id":"https:\/\/dreambeautyparis.com\/en\/#website"},"primaryImageOfPage":{"@id":"https:\/\/dreambeautyparis.com\/en\/product\/serum-collagene-boost\/#primaryimage"},"image":{"@id":"https:\/\/dreambeautyparis.com\/en\/product\/serum-collagene-boost\/#primaryimage"},"thumbnailUrl":"https:\/\/i0.wp.com\/dreambeautyparis.com\/wp-content\/uploads\/2025\/05\/9VxvDDx65dQv_pNd_fAq7RZKMpugUtDF-scaled.jpg?fit=1930%2C2560&ssl=1","datePublished":"2025-05-19T17:41:39+00:00","dateModified":"2025-05-20T00:50:19+00:00","breadcrumb":{"@id":"https:\/\/dreambeautyparis.com\/en\/product\/serum-collagene-boost\/#breadcrumb"},"inLanguage":"en-US","potentialAction":[{"@type":"ReadAction","target":["https:\/\/dreambeautyparis.com\/en\/product\/serum-collagene-boost\/"]}]},{"@type":"ImageObject","inLanguage":"en-US","@id":"https:\/\/dreambeautyparis.com\/en\/product\/serum-collagene-boost\/#primaryimage","url":"https:\/\/i0.wp.com\/dreambeautyparis.com\/wp-content\/uploads\/2025\/05\/9VxvDDx65dQv_pNd_fAq7RZKMpugUtDF-scaled.jpg?fit=1930%2C2560&ssl=1","contentUrl":"https:\/\/i0.wp.com\/dreambeautyparis.com\/wp-content\/uploads\/2025\/05\/9VxvDDx65dQv_pNd_fAq7RZKMpugUtDF-scaled.jpg?fit=1930%2C2560&ssl=1","width":1930,"height":2560},{"@type":"BreadcrumbList","@id":"https:\/\/dreambeautyparis.com\/en\/product\/serum-collagene-boost\/#breadcrumb","itemListElement":[{"@type":"ListItem","position":1,"name":"Accueil","item":"https:\/\/dreambeautyparis.com\/en\/"},{"@type":"ListItem","position":2,"name":"Store","item":"https:\/\/dreambeautyparis.com\/en\/store\/"},{"@type":"ListItem","position":3,"name":"S\u00e9rum Collag\u00e8ne Boost"}]},{"@type":"WebSite","@id":"https:\/\/dreambeautyparis.com\/en\/#website","url":"https:\/\/dreambeautyparis.com\/en\/","name":"DREAM BEAUTY PARIS","description":"L&#039;excellence sinon rien","potentialAction":[{"@type":"SearchAction","target":{"@type":"EntryPoint","urlTemplate":"https:\/\/dreambeautyparis.com\/en\/?s={search_term_string}"},"query-input":{"@type":"PropertyValueSpecification","valueRequired":true,"valueName":"search_term_string"}}],"inLanguage":"en-US"}]}},"_links":{"self":[{"href":"https:\/\/dreambeautyparis.com\/en\/wp-json\/wp\/v2\/product\/118993","targetHints":{"allow":["GET"]}}],"collection":[{"href":"https:\/\/dreambeautyparis.com\/en\/wp-json\/wp\/v2\/product"}],"about":[{"href":"https:\/\/dreambeautyparis.com\/en\/wp-json\/wp\/v2\/types\/product"}],"replies":[{"embeddable":true,"href":"https:\/\/dreambeautyparis.com\/en\/wp-json\/wp\/v2\/comments?post=118993"}],"wp:featuredmedia":[{"embeddable":true,"href":"https:\/\/dreambeautyparis.com\/en\/wp-json\/wp\/v2\/media\/118964"}],"wp:attachment":[{"href":"https:\/\/dreambeautyparis.com\/en\/wp-json\/wp\/v2\/media?parent=118993"}],"wp:term":[{"taxonomy":"product_brand","embeddable":true,"href":"https:\/\/dreambeautyparis.com\/en\/wp-json\/wp\/v2\/product_brand?post=118993"},{"taxonomy":"product_cat","embeddable":true,"href":"https:\/\/dreambeautyparis.com\/en\/wp-json\/wp\/v2\/product_cat?post=118993"},{"taxonomy":"product_tag","embeddable":true,"href":"https:\/\/dreambeautyparis.com\/en\/wp-json\/wp\/v2\/product_tag?post=118993"}],"curies":[{"name":"wp","href":"https:\/\/api.w.org\/{rel}","templated":true}]}}