{"id":118994,"date":"2025-05-19T19:41:49","date_gmt":"2025-05-19T17:41:49","guid":{"rendered":"https:\/\/dreambeautyparis.com\/product\/exfoliant-liquide-a-lacide-glycolique\/"},"modified":"2025-05-20T02:51:38","modified_gmt":"2025-05-20T00:51:38","slug":"exfoliant-liquide-a-lacide-glycolique","status":"publish","type":"product","link":"https:\/\/dreambeautyparis.com\/en\/product\/exfoliant-liquide-a-lacide-glycolique\/","title":{"rendered":"Exfoliant liquide \u00e0 l&#8217;acide glycolique"},"content":{"rendered":"<p>Solution exfoliante douce enrichie en acide glycolique \u00e0 5 %, con\u00e7ue pour \u00e9liminer les accumulations de peau et favoriser l&#8217;apparition d&#8217;un teint plus uniforme. Ses propri\u00e9t\u00e9s permettent \u00e0 la peau d&#8217;appara\u00eetre plus lisse et plus lumineuse \u00e0 chaque utilisation. Appliquer plusieurs fois par semaine le soir sur une peau propre et s\u00e8che.<\/p>\n","protected":false},"excerpt":{"rendered":"<p>Solution exfoliante douce enrichie en acide glycolique \u00e0 5 %, con\u00e7ue pour \u00e9liminer les accumulations de peau et favoriser l&#8217;apparition d&#8217;un teint plus uniforme. Ses propri\u00e9t\u00e9s permettent \u00e0 la peau d&#8217;appara\u00eetre plus lisse et plus lumineuse \u00e0 chaque utilisation. Appliquer plusieurs fois par semaine le soir sur une peau propre et s\u00e8che.<\/p>\n","protected":false},"featured_media":118969,"comment_status":"closed","ping_status":"closed","template":"","meta":[],"product_brand":[],"product_cat":[833],"product_tag":[1051,953,958,1052,1053,1054,1055,945,950,957,1036,951],"class_list":{"0":"post-118994","1":"product","2":"type-product","3":"status-publish","4":"has-post-thumbnail","6":"product_cat-non-classifiee","7":"product_tag-acide-glycolique-principes-actifs-en","8":"product_tag-all-skin-types-types-de-peau-en","9":"product_tag-betaine-principes-actifs-en","10":"product_tag-elimine-les-accumulations-en","11":"product_tag-exfoliant-type-en","12":"product_tag-exfolie-en","13":"product_tag-favorise-lapparition-dun-teint-plus-uniforme-en","14":"product_tag-pca-de-sodium-principes-actifs-en","15":"product_tag-soins-du-visage-en","16":"product_tag-taches-sombres-inquietude-en","17":"product_tag-toner-type-en","18":"product_tag-transparente-couleur-de-lemballage-en","20":"first","21":"instock","22":"taxable","23":"shipping-taxable","24":"purchasable","25":"product-type-simple"},"acf":[],"yoast_head":"<!-- This site is optimized with the Yoast SEO plugin v24.3 - https:\/\/yoast.com\/wordpress\/plugins\/seo\/ -->\n<title>Exfoliant liquide \u00e0 l&#039;acide glycolique - DREAM BEAUTY PARIS<\/title>\n<meta name=\"robots\" content=\"index, follow, max-snippet:-1, max-image-preview:large, max-video-preview:-1\" \/>\n<link rel=\"canonical\" href=\"https:\/\/dreambeautyparis.com\/en\/product\/exfoliant-liquide-a-lacide-glycolique\/\" \/>\n<meta property=\"og:locale\" content=\"en_US\" \/>\n<meta property=\"og:type\" content=\"article\" \/>\n<meta property=\"og:title\" content=\"Exfoliant liquide \u00e0 l&#039;acide glycolique - DREAM BEAUTY PARIS\" \/>\n<meta property=\"og:description\" content=\"Solution exfoliante douce enrichie en acide glycolique \u00e0 5 %, con\u00e7ue pour \u00e9liminer les accumulations de peau et favoriser l&#039;apparition d&#039;un teint plus uniforme. Ses propri\u00e9t\u00e9s permettent \u00e0 la peau d&#039;appara\u00eetre plus lisse et plus lumineuse \u00e0 chaque utilisation. Appliquer plusieurs fois par semaine le soir sur une peau propre et s\u00e8che.\" \/>\n<meta property=\"og:url\" content=\"https:\/\/dreambeautyparis.com\/en\/product\/exfoliant-liquide-a-lacide-glycolique\/\" \/>\n<meta property=\"og:site_name\" content=\"DREAM BEAUTY PARIS\" \/>\n<meta property=\"article:modified_time\" content=\"2025-05-20T00:51:38+00:00\" \/>\n<meta property=\"og:image\" content=\"https:\/\/dreambeautyparis.com\/wp-content\/uploads\/2025\/05\/ow8VTU5fzipQSqtgUULOi4YL-zFyJDnu-scaled.jpg\" \/>\n\t<meta property=\"og:image:width\" content=\"1930\" \/>\n\t<meta property=\"og:image:height\" content=\"2560\" \/>\n\t<meta property=\"og:image:type\" content=\"image\/jpeg\" \/>\n<meta name=\"twitter:card\" content=\"summary_large_image\" \/>\n<meta name=\"twitter:label1\" content=\"Est. reading time\" \/>\n\t<meta name=\"twitter:data1\" content=\"1 minute\" \/>\n<script type=\"application\/ld+json\" class=\"yoast-schema-graph\">{\"@context\":\"https:\/\/schema.org\",\"@graph\":[{\"@type\":\"WebPage\",\"@id\":\"https:\/\/dreambeautyparis.com\/en\/product\/exfoliant-liquide-a-lacide-glycolique\/\",\"url\":\"https:\/\/dreambeautyparis.com\/en\/product\/exfoliant-liquide-a-lacide-glycolique\/\",\"name\":\"Exfoliant liquide \u00e0 l'acide glycolique - DREAM BEAUTY PARIS\",\"isPartOf\":{\"@id\":\"https:\/\/dreambeautyparis.com\/en\/#website\"},\"primaryImageOfPage\":{\"@id\":\"https:\/\/dreambeautyparis.com\/en\/product\/exfoliant-liquide-a-lacide-glycolique\/#primaryimage\"},\"image\":{\"@id\":\"https:\/\/dreambeautyparis.com\/en\/product\/exfoliant-liquide-a-lacide-glycolique\/#primaryimage\"},\"thumbnailUrl\":\"https:\/\/i0.wp.com\/dreambeautyparis.com\/wp-content\/uploads\/2025\/05\/ow8VTU5fzipQSqtgUULOi4YL-zFyJDnu-scaled.jpg?fit=1930%2C2560&ssl=1\",\"datePublished\":\"2025-05-19T17:41:49+00:00\",\"dateModified\":\"2025-05-20T00:51:38+00:00\",\"breadcrumb\":{\"@id\":\"https:\/\/dreambeautyparis.com\/en\/product\/exfoliant-liquide-a-lacide-glycolique\/#breadcrumb\"},\"inLanguage\":\"en-US\",\"potentialAction\":[{\"@type\":\"ReadAction\",\"target\":[\"https:\/\/dreambeautyparis.com\/en\/product\/exfoliant-liquide-a-lacide-glycolique\/\"]}]},{\"@type\":\"ImageObject\",\"inLanguage\":\"en-US\",\"@id\":\"https:\/\/dreambeautyparis.com\/en\/product\/exfoliant-liquide-a-lacide-glycolique\/#primaryimage\",\"url\":\"https:\/\/i0.wp.com\/dreambeautyparis.com\/wp-content\/uploads\/2025\/05\/ow8VTU5fzipQSqtgUULOi4YL-zFyJDnu-scaled.jpg?fit=1930%2C2560&ssl=1\",\"contentUrl\":\"https:\/\/i0.wp.com\/dreambeautyparis.com\/wp-content\/uploads\/2025\/05\/ow8VTU5fzipQSqtgUULOi4YL-zFyJDnu-scaled.jpg?fit=1930%2C2560&ssl=1\",\"width\":1930,\"height\":2560},{\"@type\":\"BreadcrumbList\",\"@id\":\"https:\/\/dreambeautyparis.com\/en\/product\/exfoliant-liquide-a-lacide-glycolique\/#breadcrumb\",\"itemListElement\":[{\"@type\":\"ListItem\",\"position\":1,\"name\":\"Accueil\",\"item\":\"https:\/\/dreambeautyparis.com\/en\/\"},{\"@type\":\"ListItem\",\"position\":2,\"name\":\"Store\",\"item\":\"https:\/\/dreambeautyparis.com\/en\/store\/\"},{\"@type\":\"ListItem\",\"position\":3,\"name\":\"Exfoliant liquide \u00e0 l&rsquo;acide glycolique\"}]},{\"@type\":\"WebSite\",\"@id\":\"https:\/\/dreambeautyparis.com\/en\/#website\",\"url\":\"https:\/\/dreambeautyparis.com\/en\/\",\"name\":\"DREAM BEAUTY PARIS\",\"description\":\"L&#039;excellence sinon rien\",\"potentialAction\":[{\"@type\":\"SearchAction\",\"target\":{\"@type\":\"EntryPoint\",\"urlTemplate\":\"https:\/\/dreambeautyparis.com\/en\/?s={search_term_string}\"},\"query-input\":{\"@type\":\"PropertyValueSpecification\",\"valueRequired\":true,\"valueName\":\"search_term_string\"}}],\"inLanguage\":\"en-US\"}]}<\/script>\n<!-- \/ Yoast SEO plugin. -->","yoast_head_json":{"title":"Exfoliant liquide \u00e0 l'acide glycolique - DREAM BEAUTY PARIS","robots":{"index":"index","follow":"follow","max-snippet":"max-snippet:-1","max-image-preview":"max-image-preview:large","max-video-preview":"max-video-preview:-1"},"canonical":"https:\/\/dreambeautyparis.com\/en\/product\/exfoliant-liquide-a-lacide-glycolique\/","og_locale":"en_US","og_type":"article","og_title":"Exfoliant liquide \u00e0 l'acide glycolique - DREAM BEAUTY PARIS","og_description":"Solution exfoliante douce enrichie en acide glycolique \u00e0 5 %, con\u00e7ue pour \u00e9liminer les accumulations de peau et favoriser l'apparition d'un teint plus uniforme. Ses propri\u00e9t\u00e9s permettent \u00e0 la peau d'appara\u00eetre plus lisse et plus lumineuse \u00e0 chaque utilisation. Appliquer plusieurs fois par semaine le soir sur une peau propre et s\u00e8che.","og_url":"https:\/\/dreambeautyparis.com\/en\/product\/exfoliant-liquide-a-lacide-glycolique\/","og_site_name":"DREAM BEAUTY PARIS","article_modified_time":"2025-05-20T00:51:38+00:00","og_image":[{"width":1930,"height":2560,"url":"https:\/\/dreambeautyparis.com\/wp-content\/uploads\/2025\/05\/ow8VTU5fzipQSqtgUULOi4YL-zFyJDnu-scaled.jpg","type":"image\/jpeg"}],"twitter_card":"summary_large_image","twitter_misc":{"Est. reading time":"1 minute"},"schema":{"@context":"https:\/\/schema.org","@graph":[{"@type":"WebPage","@id":"https:\/\/dreambeautyparis.com\/en\/product\/exfoliant-liquide-a-lacide-glycolique\/","url":"https:\/\/dreambeautyparis.com\/en\/product\/exfoliant-liquide-a-lacide-glycolique\/","name":"Exfoliant liquide \u00e0 l'acide glycolique - DREAM BEAUTY PARIS","isPartOf":{"@id":"https:\/\/dreambeautyparis.com\/en\/#website"},"primaryImageOfPage":{"@id":"https:\/\/dreambeautyparis.com\/en\/product\/exfoliant-liquide-a-lacide-glycolique\/#primaryimage"},"image":{"@id":"https:\/\/dreambeautyparis.com\/en\/product\/exfoliant-liquide-a-lacide-glycolique\/#primaryimage"},"thumbnailUrl":"https:\/\/i0.wp.com\/dreambeautyparis.com\/wp-content\/uploads\/2025\/05\/ow8VTU5fzipQSqtgUULOi4YL-zFyJDnu-scaled.jpg?fit=1930%2C2560&ssl=1","datePublished":"2025-05-19T17:41:49+00:00","dateModified":"2025-05-20T00:51:38+00:00","breadcrumb":{"@id":"https:\/\/dreambeautyparis.com\/en\/product\/exfoliant-liquide-a-lacide-glycolique\/#breadcrumb"},"inLanguage":"en-US","potentialAction":[{"@type":"ReadAction","target":["https:\/\/dreambeautyparis.com\/en\/product\/exfoliant-liquide-a-lacide-glycolique\/"]}]},{"@type":"ImageObject","inLanguage":"en-US","@id":"https:\/\/dreambeautyparis.com\/en\/product\/exfoliant-liquide-a-lacide-glycolique\/#primaryimage","url":"https:\/\/i0.wp.com\/dreambeautyparis.com\/wp-content\/uploads\/2025\/05\/ow8VTU5fzipQSqtgUULOi4YL-zFyJDnu-scaled.jpg?fit=1930%2C2560&ssl=1","contentUrl":"https:\/\/i0.wp.com\/dreambeautyparis.com\/wp-content\/uploads\/2025\/05\/ow8VTU5fzipQSqtgUULOi4YL-zFyJDnu-scaled.jpg?fit=1930%2C2560&ssl=1","width":1930,"height":2560},{"@type":"BreadcrumbList","@id":"https:\/\/dreambeautyparis.com\/en\/product\/exfoliant-liquide-a-lacide-glycolique\/#breadcrumb","itemListElement":[{"@type":"ListItem","position":1,"name":"Accueil","item":"https:\/\/dreambeautyparis.com\/en\/"},{"@type":"ListItem","position":2,"name":"Store","item":"https:\/\/dreambeautyparis.com\/en\/store\/"},{"@type":"ListItem","position":3,"name":"Exfoliant liquide \u00e0 l&rsquo;acide glycolique"}]},{"@type":"WebSite","@id":"https:\/\/dreambeautyparis.com\/en\/#website","url":"https:\/\/dreambeautyparis.com\/en\/","name":"DREAM BEAUTY PARIS","description":"L&#039;excellence sinon rien","potentialAction":[{"@type":"SearchAction","target":{"@type":"EntryPoint","urlTemplate":"https:\/\/dreambeautyparis.com\/en\/?s={search_term_string}"},"query-input":{"@type":"PropertyValueSpecification","valueRequired":true,"valueName":"search_term_string"}}],"inLanguage":"en-US"}]}},"_links":{"self":[{"href":"https:\/\/dreambeautyparis.com\/en\/wp-json\/wp\/v2\/product\/118994","targetHints":{"allow":["GET"]}}],"collection":[{"href":"https:\/\/dreambeautyparis.com\/en\/wp-json\/wp\/v2\/product"}],"about":[{"href":"https:\/\/dreambeautyparis.com\/en\/wp-json\/wp\/v2\/types\/product"}],"replies":[{"embeddable":true,"href":"https:\/\/dreambeautyparis.com\/en\/wp-json\/wp\/v2\/comments?post=118994"}],"wp:featuredmedia":[{"embeddable":true,"href":"https:\/\/dreambeautyparis.com\/en\/wp-json\/wp\/v2\/media\/118969"}],"wp:attachment":[{"href":"https:\/\/dreambeautyparis.com\/en\/wp-json\/wp\/v2\/media?parent=118994"}],"wp:term":[{"taxonomy":"product_brand","embeddable":true,"href":"https:\/\/dreambeautyparis.com\/en\/wp-json\/wp\/v2\/product_brand?post=118994"},{"taxonomy":"product_cat","embeddable":true,"href":"https:\/\/dreambeautyparis.com\/en\/wp-json\/wp\/v2\/product_cat?post=118994"},{"taxonomy":"product_tag","embeddable":true,"href":"https:\/\/dreambeautyparis.com\/en\/wp-json\/wp\/v2\/product_tag?post=118994"}],"curies":[{"name":"wp","href":"https:\/\/api.w.org\/{rel}","templated":true}]}}