{"id":118996,"date":"2025-05-19T19:42:02","date_gmt":"2025-05-19T17:42:02","guid":{"rendered":"https:\/\/dreambeautyparis.com\/product\/gel-double-hydratation-boost\/"},"modified":"2025-05-20T02:50:57","modified_gmt":"2025-05-20T00:50:57","slug":"gel-double-hydratation-boost","status":"publish","type":"product","link":"https:\/\/dreambeautyparis.com\/en\/product\/gel-double-hydratation-boost\/","title":{"rendered":"Gel Double Hydratation Boost"},"content":{"rendered":"<p>Gel r\u00e9g\u00e9n\u00e9rant \u00e0 base d\u2019acide hyaluronique l\u00e9ger de poids mol\u00e9culaire multiple, qui contribue \u00e0 former une barri\u00e8re hydratante sur la peau, emp\u00eachant la perte d\u2019hydratation et renfor\u00e7ant la fermet\u00e9 et l\u2019\u00e9lasticit\u00e9 naturelles. Att\u00e9nue la formation des petites rides et ridules et rafra\u00eechit la peau. Appliquez le produit sur une peau pr\u00e9alablement nettoy\u00e9e.<\/p>\n","protected":false},"excerpt":{"rendered":"<p>Gel r\u00e9g\u00e9n\u00e9rant \u00e0 base d\u2019acide hyaluronique l\u00e9ger de poids mol\u00e9culaire multiple, qui contribue \u00e0 former une barri\u00e8re hydratante sur la peau, emp\u00eachant la perte d\u2019hydratation et renfor\u00e7ant la fermet\u00e9 et l\u2019\u00e9lasticit\u00e9 naturelles. Att\u00e9nue la formation des petites rides et ridules et rafra\u00eechit la peau. Appliquez le produit sur une peau pr\u00e9alablement nettoy\u00e9e.<\/p>\n","protected":false},"featured_media":118979,"comment_status":"closed","ping_status":"closed","template":"","meta":[],"product_brand":[],"product_cat":[833],"product_tag":[937,938,939,990,941,942,943,944,945,946,947,948,949,950,951],"class_list":{"0":"post-118996","1":"product","2":"type-product","3":"status-publish","4":"has-post-thumbnail","6":"product_cat-non-classifiee","7":"product_tag-acide-hyaluronique-principes-actifs-en","8":"product_tag-anti-age-inquietude-en","9":"product_tag-barriere-cutanee-endommagee-inquietude-en","10":"product_tag-blanche-couleur-de-lemballage-en-2","11":"product_tag-double-hydratation-sodium-pca-acide-hyaluronique-en","12":"product_tag-fatigue-sous-les-yeux-inquietude-en","13":"product_tag-hydratant-type-en","14":"product_tag-jus-daloe-vera-principes-actifs-en","15":"product_tag-pca-de-sodium-principes-actifs-en","16":"product_tag-peaux-deshydratees-inquietude-en","17":"product_tag-peaux-matures-types-de-peau-en","18":"product_tag-peaux-normales-types-de-peau-en","19":"product_tag-peaux-seches-types-de-peau-en","20":"product_tag-soins-du-visage-en","21":"product_tag-transparente-couleur-de-lemballage-en","23":"first","24":"instock","25":"taxable","26":"shipping-taxable","27":"purchasable","28":"product-type-simple"},"acf":[],"yoast_head":"<!-- This site is optimized with the Yoast SEO plugin v24.3 - https:\/\/yoast.com\/wordpress\/plugins\/seo\/ -->\n<title>Gel Double Hydratation Boost - DREAM BEAUTY PARIS<\/title>\n<meta name=\"robots\" content=\"index, follow, max-snippet:-1, max-image-preview:large, max-video-preview:-1\" \/>\n<link rel=\"canonical\" href=\"https:\/\/dreambeautyparis.com\/en\/product\/gel-double-hydratation-boost\/\" \/>\n<meta property=\"og:locale\" content=\"en_US\" \/>\n<meta property=\"og:type\" content=\"article\" \/>\n<meta property=\"og:title\" content=\"Gel Double Hydratation Boost - DREAM BEAUTY PARIS\" \/>\n<meta property=\"og:description\" content=\"Gel r\u00e9g\u00e9n\u00e9rant \u00e0 base d\u2019acide hyaluronique l\u00e9ger de poids mol\u00e9culaire multiple, qui contribue \u00e0 former une barri\u00e8re hydratante sur la peau, emp\u00eachant la perte d\u2019hydratation et renfor\u00e7ant la fermet\u00e9 et l\u2019\u00e9lasticit\u00e9 naturelles. Att\u00e9nue la formation des petites rides et ridules et rafra\u00eechit la peau. Appliquez le produit sur une peau pr\u00e9alablement nettoy\u00e9e.\" \/>\n<meta property=\"og:url\" content=\"https:\/\/dreambeautyparis.com\/en\/product\/gel-double-hydratation-boost\/\" \/>\n<meta property=\"og:site_name\" content=\"DREAM BEAUTY PARIS\" \/>\n<meta property=\"article:modified_time\" content=\"2025-05-20T00:50:57+00:00\" \/>\n<meta property=\"og:image\" content=\"https:\/\/dreambeautyparis.com\/wp-content\/uploads\/2025\/05\/tOsJKTEwfXOTKYiNSCBX6XqAClOGHMJW-scaled.jpg\" \/>\n\t<meta property=\"og:image:width\" content=\"1930\" \/>\n\t<meta property=\"og:image:height\" content=\"2560\" \/>\n\t<meta property=\"og:image:type\" content=\"image\/jpeg\" \/>\n<meta name=\"twitter:card\" content=\"summary_large_image\" \/>\n<meta name=\"twitter:label1\" content=\"Est. reading time\" \/>\n\t<meta name=\"twitter:data1\" content=\"1 minute\" \/>\n<script type=\"application\/ld+json\" class=\"yoast-schema-graph\">{\"@context\":\"https:\/\/schema.org\",\"@graph\":[{\"@type\":\"WebPage\",\"@id\":\"https:\/\/dreambeautyparis.com\/en\/product\/gel-double-hydratation-boost\/\",\"url\":\"https:\/\/dreambeautyparis.com\/en\/product\/gel-double-hydratation-boost\/\",\"name\":\"Gel Double Hydratation Boost - DREAM BEAUTY PARIS\",\"isPartOf\":{\"@id\":\"https:\/\/dreambeautyparis.com\/en\/#website\"},\"primaryImageOfPage\":{\"@id\":\"https:\/\/dreambeautyparis.com\/en\/product\/gel-double-hydratation-boost\/#primaryimage\"},\"image\":{\"@id\":\"https:\/\/dreambeautyparis.com\/en\/product\/gel-double-hydratation-boost\/#primaryimage\"},\"thumbnailUrl\":\"https:\/\/i0.wp.com\/dreambeautyparis.com\/wp-content\/uploads\/2025\/05\/tOsJKTEwfXOTKYiNSCBX6XqAClOGHMJW-scaled.jpg?fit=1930%2C2560&ssl=1\",\"datePublished\":\"2025-05-19T17:42:02+00:00\",\"dateModified\":\"2025-05-20T00:50:57+00:00\",\"breadcrumb\":{\"@id\":\"https:\/\/dreambeautyparis.com\/en\/product\/gel-double-hydratation-boost\/#breadcrumb\"},\"inLanguage\":\"en-US\",\"potentialAction\":[{\"@type\":\"ReadAction\",\"target\":[\"https:\/\/dreambeautyparis.com\/en\/product\/gel-double-hydratation-boost\/\"]}]},{\"@type\":\"ImageObject\",\"inLanguage\":\"en-US\",\"@id\":\"https:\/\/dreambeautyparis.com\/en\/product\/gel-double-hydratation-boost\/#primaryimage\",\"url\":\"https:\/\/i0.wp.com\/dreambeautyparis.com\/wp-content\/uploads\/2025\/05\/tOsJKTEwfXOTKYiNSCBX6XqAClOGHMJW-scaled.jpg?fit=1930%2C2560&ssl=1\",\"contentUrl\":\"https:\/\/i0.wp.com\/dreambeautyparis.com\/wp-content\/uploads\/2025\/05\/tOsJKTEwfXOTKYiNSCBX6XqAClOGHMJW-scaled.jpg?fit=1930%2C2560&ssl=1\",\"width\":1930,\"height\":2560},{\"@type\":\"BreadcrumbList\",\"@id\":\"https:\/\/dreambeautyparis.com\/en\/product\/gel-double-hydratation-boost\/#breadcrumb\",\"itemListElement\":[{\"@type\":\"ListItem\",\"position\":1,\"name\":\"Accueil\",\"item\":\"https:\/\/dreambeautyparis.com\/en\/\"},{\"@type\":\"ListItem\",\"position\":2,\"name\":\"Store\",\"item\":\"https:\/\/dreambeautyparis.com\/en\/store\/\"},{\"@type\":\"ListItem\",\"position\":3,\"name\":\"Gel Double Hydratation Boost\"}]},{\"@type\":\"WebSite\",\"@id\":\"https:\/\/dreambeautyparis.com\/en\/#website\",\"url\":\"https:\/\/dreambeautyparis.com\/en\/\",\"name\":\"DREAM BEAUTY PARIS\",\"description\":\"L&#039;excellence sinon rien\",\"potentialAction\":[{\"@type\":\"SearchAction\",\"target\":{\"@type\":\"EntryPoint\",\"urlTemplate\":\"https:\/\/dreambeautyparis.com\/en\/?s={search_term_string}\"},\"query-input\":{\"@type\":\"PropertyValueSpecification\",\"valueRequired\":true,\"valueName\":\"search_term_string\"}}],\"inLanguage\":\"en-US\"}]}<\/script>\n<!-- \/ Yoast SEO plugin. -->","yoast_head_json":{"title":"Gel Double Hydratation Boost - DREAM BEAUTY PARIS","robots":{"index":"index","follow":"follow","max-snippet":"max-snippet:-1","max-image-preview":"max-image-preview:large","max-video-preview":"max-video-preview:-1"},"canonical":"https:\/\/dreambeautyparis.com\/en\/product\/gel-double-hydratation-boost\/","og_locale":"en_US","og_type":"article","og_title":"Gel Double Hydratation Boost - DREAM BEAUTY PARIS","og_description":"Gel r\u00e9g\u00e9n\u00e9rant \u00e0 base d\u2019acide hyaluronique l\u00e9ger de poids mol\u00e9culaire multiple, qui contribue \u00e0 former une barri\u00e8re hydratante sur la peau, emp\u00eachant la perte d\u2019hydratation et renfor\u00e7ant la fermet\u00e9 et l\u2019\u00e9lasticit\u00e9 naturelles. Att\u00e9nue la formation des petites rides et ridules et rafra\u00eechit la peau. Appliquez le produit sur une peau pr\u00e9alablement nettoy\u00e9e.","og_url":"https:\/\/dreambeautyparis.com\/en\/product\/gel-double-hydratation-boost\/","og_site_name":"DREAM BEAUTY PARIS","article_modified_time":"2025-05-20T00:50:57+00:00","og_image":[{"width":1930,"height":2560,"url":"https:\/\/dreambeautyparis.com\/wp-content\/uploads\/2025\/05\/tOsJKTEwfXOTKYiNSCBX6XqAClOGHMJW-scaled.jpg","type":"image\/jpeg"}],"twitter_card":"summary_large_image","twitter_misc":{"Est. reading time":"1 minute"},"schema":{"@context":"https:\/\/schema.org","@graph":[{"@type":"WebPage","@id":"https:\/\/dreambeautyparis.com\/en\/product\/gel-double-hydratation-boost\/","url":"https:\/\/dreambeautyparis.com\/en\/product\/gel-double-hydratation-boost\/","name":"Gel Double Hydratation Boost - DREAM BEAUTY PARIS","isPartOf":{"@id":"https:\/\/dreambeautyparis.com\/en\/#website"},"primaryImageOfPage":{"@id":"https:\/\/dreambeautyparis.com\/en\/product\/gel-double-hydratation-boost\/#primaryimage"},"image":{"@id":"https:\/\/dreambeautyparis.com\/en\/product\/gel-double-hydratation-boost\/#primaryimage"},"thumbnailUrl":"https:\/\/i0.wp.com\/dreambeautyparis.com\/wp-content\/uploads\/2025\/05\/tOsJKTEwfXOTKYiNSCBX6XqAClOGHMJW-scaled.jpg?fit=1930%2C2560&ssl=1","datePublished":"2025-05-19T17:42:02+00:00","dateModified":"2025-05-20T00:50:57+00:00","breadcrumb":{"@id":"https:\/\/dreambeautyparis.com\/en\/product\/gel-double-hydratation-boost\/#breadcrumb"},"inLanguage":"en-US","potentialAction":[{"@type":"ReadAction","target":["https:\/\/dreambeautyparis.com\/en\/product\/gel-double-hydratation-boost\/"]}]},{"@type":"ImageObject","inLanguage":"en-US","@id":"https:\/\/dreambeautyparis.com\/en\/product\/gel-double-hydratation-boost\/#primaryimage","url":"https:\/\/i0.wp.com\/dreambeautyparis.com\/wp-content\/uploads\/2025\/05\/tOsJKTEwfXOTKYiNSCBX6XqAClOGHMJW-scaled.jpg?fit=1930%2C2560&ssl=1","contentUrl":"https:\/\/i0.wp.com\/dreambeautyparis.com\/wp-content\/uploads\/2025\/05\/tOsJKTEwfXOTKYiNSCBX6XqAClOGHMJW-scaled.jpg?fit=1930%2C2560&ssl=1","width":1930,"height":2560},{"@type":"BreadcrumbList","@id":"https:\/\/dreambeautyparis.com\/en\/product\/gel-double-hydratation-boost\/#breadcrumb","itemListElement":[{"@type":"ListItem","position":1,"name":"Accueil","item":"https:\/\/dreambeautyparis.com\/en\/"},{"@type":"ListItem","position":2,"name":"Store","item":"https:\/\/dreambeautyparis.com\/en\/store\/"},{"@type":"ListItem","position":3,"name":"Gel Double Hydratation Boost"}]},{"@type":"WebSite","@id":"https:\/\/dreambeautyparis.com\/en\/#website","url":"https:\/\/dreambeautyparis.com\/en\/","name":"DREAM BEAUTY PARIS","description":"L&#039;excellence sinon rien","potentialAction":[{"@type":"SearchAction","target":{"@type":"EntryPoint","urlTemplate":"https:\/\/dreambeautyparis.com\/en\/?s={search_term_string}"},"query-input":{"@type":"PropertyValueSpecification","valueRequired":true,"valueName":"search_term_string"}}],"inLanguage":"en-US"}]}},"_links":{"self":[{"href":"https:\/\/dreambeautyparis.com\/en\/wp-json\/wp\/v2\/product\/118996","targetHints":{"allow":["GET"]}}],"collection":[{"href":"https:\/\/dreambeautyparis.com\/en\/wp-json\/wp\/v2\/product"}],"about":[{"href":"https:\/\/dreambeautyparis.com\/en\/wp-json\/wp\/v2\/types\/product"}],"replies":[{"embeddable":true,"href":"https:\/\/dreambeautyparis.com\/en\/wp-json\/wp\/v2\/comments?post=118996"}],"wp:featuredmedia":[{"embeddable":true,"href":"https:\/\/dreambeautyparis.com\/en\/wp-json\/wp\/v2\/media\/118979"}],"wp:attachment":[{"href":"https:\/\/dreambeautyparis.com\/en\/wp-json\/wp\/v2\/media?parent=118996"}],"wp:term":[{"taxonomy":"product_brand","embeddable":true,"href":"https:\/\/dreambeautyparis.com\/en\/wp-json\/wp\/v2\/product_brand?post=118996"},{"taxonomy":"product_cat","embeddable":true,"href":"https:\/\/dreambeautyparis.com\/en\/wp-json\/wp\/v2\/product_cat?post=118996"},{"taxonomy":"product_tag","embeddable":true,"href":"https:\/\/dreambeautyparis.com\/en\/wp-json\/wp\/v2\/product_tag?post=118996"}],"curies":[{"name":"wp","href":"https:\/\/api.w.org\/{rel}","templated":true}]}}