{"id":118997,"date":"2025-05-19T19:42:12","date_gmt":"2025-05-19T17:42:12","guid":{"rendered":"https:\/\/dreambeautyparis.com\/product\/gel-booster-a-la-cafeine\/"},"modified":"2025-05-20T02:51:04","modified_gmt":"2025-05-20T00:51:04","slug":"gel-booster-a-la-cafeine","status":"publish","type":"product","link":"https:\/\/dreambeautyparis.com\/en\/product\/gel-booster-a-la-cafeine\/","title":{"rendered":"Gel Booster \u00e0 la caf\u00e9ine"},"content":{"rendered":"<p>Concentr\u00e9 en gel avec caf\u00e9ine dos\u00e9e \u00e0 1\u00a0% pour contribuer \u00e0 r\u00e9duire les poches sous les yeux et donner de la fra\u00eecheur aux peaux fatigu\u00e9es. Particuli\u00e8rement b\u00e9n\u00e9fique pour la peau du contour des yeux.\u00a0M\u00e9langer \u00e0 votre cr\u00e8me hydratante pour le visage ou les yeux.<\/p>\n","protected":false},"excerpt":{"rendered":"<p>Concentr\u00e9 en gel avec caf\u00e9ine dos\u00e9e \u00e0 1\u00a0% pour contribuer \u00e0 r\u00e9duire les poches sous les yeux et donner de la fra\u00eecheur aux peaux fatigu\u00e9es. Particuli\u00e8rement b\u00e9n\u00e9fique pour la peau du contour des yeux.\u00a0M\u00e9langer \u00e0 votre cr\u00e8me hydratante pour le visage ou les yeux.<\/p>\n","protected":false},"featured_media":118984,"comment_status":"closed","ping_status":"closed","template":"","meta":[],"product_brand":[],"product_cat":[833],"product_tag":[953,938,939,990,1059,1060,942,1061,1062,1063,950,951],"class_list":{"0":"post-118997","1":"product","2":"type-product","3":"status-publish","4":"has-post-thumbnail","6":"product_cat-non-classifiee","7":"product_tag-all-skin-types-types-de-peau-en","8":"product_tag-anti-age-inquietude-en","9":"product_tag-barriere-cutanee-endommagee-inquietude-en","10":"product_tag-blanche-couleur-de-lemballage-en-2","11":"product_tag-booster-type-en","12":"product_tag-cafeine-principes-actifs-en","13":"product_tag-fatigue-sous-les-yeux-inquietude-en","14":"product_tag-hydratant-en","15":"product_tag-non-gras-en","16":"product_tag-rafraichissant-en","17":"product_tag-soins-du-visage-en","18":"product_tag-transparente-couleur-de-lemballage-en","20":"first","21":"instock","22":"taxable","23":"shipping-taxable","24":"purchasable","25":"product-type-simple"},"acf":[],"yoast_head":"<!-- This site is optimized with the Yoast SEO plugin v24.3 - https:\/\/yoast.com\/wordpress\/plugins\/seo\/ -->\n<title>Gel Booster \u00e0 la caf\u00e9ine - DREAM BEAUTY PARIS<\/title>\n<meta name=\"robots\" content=\"index, follow, max-snippet:-1, max-image-preview:large, max-video-preview:-1\" \/>\n<link rel=\"canonical\" href=\"https:\/\/dreambeautyparis.com\/en\/product\/gel-booster-a-la-cafeine\/\" \/>\n<meta property=\"og:locale\" content=\"en_US\" \/>\n<meta property=\"og:type\" content=\"article\" \/>\n<meta property=\"og:title\" content=\"Gel Booster \u00e0 la caf\u00e9ine - DREAM BEAUTY PARIS\" \/>\n<meta property=\"og:description\" content=\"Concentr\u00e9 en gel avec caf\u00e9ine dos\u00e9e \u00e0 1\u00a0% pour contribuer \u00e0 r\u00e9duire les poches sous les yeux et donner de la fra\u00eecheur aux peaux fatigu\u00e9es. Particuli\u00e8rement b\u00e9n\u00e9fique pour la peau du contour des yeux.\u00a0M\u00e9langer \u00e0 votre cr\u00e8me hydratante pour le visage ou les yeux.\" \/>\n<meta property=\"og:url\" content=\"https:\/\/dreambeautyparis.com\/en\/product\/gel-booster-a-la-cafeine\/\" \/>\n<meta property=\"og:site_name\" content=\"DREAM BEAUTY PARIS\" \/>\n<meta property=\"article:modified_time\" content=\"2025-05-20T00:51:04+00:00\" \/>\n<meta property=\"og:image\" content=\"https:\/\/dreambeautyparis.com\/wp-content\/uploads\/2025\/05\/lAHI1-3wf31sMpRT9_7JTCJI-5O9OTy8-scaled.jpg\" \/>\n\t<meta property=\"og:image:width\" content=\"1930\" \/>\n\t<meta property=\"og:image:height\" content=\"2560\" \/>\n\t<meta property=\"og:image:type\" content=\"image\/jpeg\" \/>\n<meta name=\"twitter:card\" content=\"summary_large_image\" \/>\n<meta name=\"twitter:label1\" content=\"Est. reading time\" \/>\n\t<meta name=\"twitter:data1\" content=\"1 minute\" \/>\n<script type=\"application\/ld+json\" class=\"yoast-schema-graph\">{\"@context\":\"https:\/\/schema.org\",\"@graph\":[{\"@type\":\"WebPage\",\"@id\":\"https:\/\/dreambeautyparis.com\/en\/product\/gel-booster-a-la-cafeine\/\",\"url\":\"https:\/\/dreambeautyparis.com\/en\/product\/gel-booster-a-la-cafeine\/\",\"name\":\"Gel Booster \u00e0 la caf\u00e9ine - DREAM BEAUTY PARIS\",\"isPartOf\":{\"@id\":\"https:\/\/dreambeautyparis.com\/en\/#website\"},\"primaryImageOfPage\":{\"@id\":\"https:\/\/dreambeautyparis.com\/en\/product\/gel-booster-a-la-cafeine\/#primaryimage\"},\"image\":{\"@id\":\"https:\/\/dreambeautyparis.com\/en\/product\/gel-booster-a-la-cafeine\/#primaryimage\"},\"thumbnailUrl\":\"https:\/\/i0.wp.com\/dreambeautyparis.com\/wp-content\/uploads\/2025\/05\/lAHI1-3wf31sMpRT9_7JTCJI-5O9OTy8-scaled.jpg?fit=1930%2C2560&ssl=1\",\"datePublished\":\"2025-05-19T17:42:12+00:00\",\"dateModified\":\"2025-05-20T00:51:04+00:00\",\"breadcrumb\":{\"@id\":\"https:\/\/dreambeautyparis.com\/en\/product\/gel-booster-a-la-cafeine\/#breadcrumb\"},\"inLanguage\":\"en-US\",\"potentialAction\":[{\"@type\":\"ReadAction\",\"target\":[\"https:\/\/dreambeautyparis.com\/en\/product\/gel-booster-a-la-cafeine\/\"]}]},{\"@type\":\"ImageObject\",\"inLanguage\":\"en-US\",\"@id\":\"https:\/\/dreambeautyparis.com\/en\/product\/gel-booster-a-la-cafeine\/#primaryimage\",\"url\":\"https:\/\/i0.wp.com\/dreambeautyparis.com\/wp-content\/uploads\/2025\/05\/lAHI1-3wf31sMpRT9_7JTCJI-5O9OTy8-scaled.jpg?fit=1930%2C2560&ssl=1\",\"contentUrl\":\"https:\/\/i0.wp.com\/dreambeautyparis.com\/wp-content\/uploads\/2025\/05\/lAHI1-3wf31sMpRT9_7JTCJI-5O9OTy8-scaled.jpg?fit=1930%2C2560&ssl=1\",\"width\":1930,\"height\":2560},{\"@type\":\"BreadcrumbList\",\"@id\":\"https:\/\/dreambeautyparis.com\/en\/product\/gel-booster-a-la-cafeine\/#breadcrumb\",\"itemListElement\":[{\"@type\":\"ListItem\",\"position\":1,\"name\":\"Accueil\",\"item\":\"https:\/\/dreambeautyparis.com\/en\/\"},{\"@type\":\"ListItem\",\"position\":2,\"name\":\"Store\",\"item\":\"https:\/\/dreambeautyparis.com\/en\/store\/\"},{\"@type\":\"ListItem\",\"position\":3,\"name\":\"Gel Booster \u00e0 la caf\u00e9ine\"}]},{\"@type\":\"WebSite\",\"@id\":\"https:\/\/dreambeautyparis.com\/en\/#website\",\"url\":\"https:\/\/dreambeautyparis.com\/en\/\",\"name\":\"DREAM BEAUTY PARIS\",\"description\":\"L&#039;excellence sinon rien\",\"potentialAction\":[{\"@type\":\"SearchAction\",\"target\":{\"@type\":\"EntryPoint\",\"urlTemplate\":\"https:\/\/dreambeautyparis.com\/en\/?s={search_term_string}\"},\"query-input\":{\"@type\":\"PropertyValueSpecification\",\"valueRequired\":true,\"valueName\":\"search_term_string\"}}],\"inLanguage\":\"en-US\"}]}<\/script>\n<!-- \/ Yoast SEO plugin. -->","yoast_head_json":{"title":"Gel Booster \u00e0 la caf\u00e9ine - DREAM BEAUTY PARIS","robots":{"index":"index","follow":"follow","max-snippet":"max-snippet:-1","max-image-preview":"max-image-preview:large","max-video-preview":"max-video-preview:-1"},"canonical":"https:\/\/dreambeautyparis.com\/en\/product\/gel-booster-a-la-cafeine\/","og_locale":"en_US","og_type":"article","og_title":"Gel Booster \u00e0 la caf\u00e9ine - DREAM BEAUTY PARIS","og_description":"Concentr\u00e9 en gel avec caf\u00e9ine dos\u00e9e \u00e0 1\u00a0% pour contribuer \u00e0 r\u00e9duire les poches sous les yeux et donner de la fra\u00eecheur aux peaux fatigu\u00e9es. Particuli\u00e8rement b\u00e9n\u00e9fique pour la peau du contour des yeux.\u00a0M\u00e9langer \u00e0 votre cr\u00e8me hydratante pour le visage ou les yeux.","og_url":"https:\/\/dreambeautyparis.com\/en\/product\/gel-booster-a-la-cafeine\/","og_site_name":"DREAM BEAUTY PARIS","article_modified_time":"2025-05-20T00:51:04+00:00","og_image":[{"width":1930,"height":2560,"url":"https:\/\/dreambeautyparis.com\/wp-content\/uploads\/2025\/05\/lAHI1-3wf31sMpRT9_7JTCJI-5O9OTy8-scaled.jpg","type":"image\/jpeg"}],"twitter_card":"summary_large_image","twitter_misc":{"Est. reading time":"1 minute"},"schema":{"@context":"https:\/\/schema.org","@graph":[{"@type":"WebPage","@id":"https:\/\/dreambeautyparis.com\/en\/product\/gel-booster-a-la-cafeine\/","url":"https:\/\/dreambeautyparis.com\/en\/product\/gel-booster-a-la-cafeine\/","name":"Gel Booster \u00e0 la caf\u00e9ine - DREAM BEAUTY PARIS","isPartOf":{"@id":"https:\/\/dreambeautyparis.com\/en\/#website"},"primaryImageOfPage":{"@id":"https:\/\/dreambeautyparis.com\/en\/product\/gel-booster-a-la-cafeine\/#primaryimage"},"image":{"@id":"https:\/\/dreambeautyparis.com\/en\/product\/gel-booster-a-la-cafeine\/#primaryimage"},"thumbnailUrl":"https:\/\/i0.wp.com\/dreambeautyparis.com\/wp-content\/uploads\/2025\/05\/lAHI1-3wf31sMpRT9_7JTCJI-5O9OTy8-scaled.jpg?fit=1930%2C2560&ssl=1","datePublished":"2025-05-19T17:42:12+00:00","dateModified":"2025-05-20T00:51:04+00:00","breadcrumb":{"@id":"https:\/\/dreambeautyparis.com\/en\/product\/gel-booster-a-la-cafeine\/#breadcrumb"},"inLanguage":"en-US","potentialAction":[{"@type":"ReadAction","target":["https:\/\/dreambeautyparis.com\/en\/product\/gel-booster-a-la-cafeine\/"]}]},{"@type":"ImageObject","inLanguage":"en-US","@id":"https:\/\/dreambeautyparis.com\/en\/product\/gel-booster-a-la-cafeine\/#primaryimage","url":"https:\/\/i0.wp.com\/dreambeautyparis.com\/wp-content\/uploads\/2025\/05\/lAHI1-3wf31sMpRT9_7JTCJI-5O9OTy8-scaled.jpg?fit=1930%2C2560&ssl=1","contentUrl":"https:\/\/i0.wp.com\/dreambeautyparis.com\/wp-content\/uploads\/2025\/05\/lAHI1-3wf31sMpRT9_7JTCJI-5O9OTy8-scaled.jpg?fit=1930%2C2560&ssl=1","width":1930,"height":2560},{"@type":"BreadcrumbList","@id":"https:\/\/dreambeautyparis.com\/en\/product\/gel-booster-a-la-cafeine\/#breadcrumb","itemListElement":[{"@type":"ListItem","position":1,"name":"Accueil","item":"https:\/\/dreambeautyparis.com\/en\/"},{"@type":"ListItem","position":2,"name":"Store","item":"https:\/\/dreambeautyparis.com\/en\/store\/"},{"@type":"ListItem","position":3,"name":"Gel Booster \u00e0 la caf\u00e9ine"}]},{"@type":"WebSite","@id":"https:\/\/dreambeautyparis.com\/en\/#website","url":"https:\/\/dreambeautyparis.com\/en\/","name":"DREAM BEAUTY PARIS","description":"L&#039;excellence sinon rien","potentialAction":[{"@type":"SearchAction","target":{"@type":"EntryPoint","urlTemplate":"https:\/\/dreambeautyparis.com\/en\/?s={search_term_string}"},"query-input":{"@type":"PropertyValueSpecification","valueRequired":true,"valueName":"search_term_string"}}],"inLanguage":"en-US"}]}},"_links":{"self":[{"href":"https:\/\/dreambeautyparis.com\/en\/wp-json\/wp\/v2\/product\/118997","targetHints":{"allow":["GET"]}}],"collection":[{"href":"https:\/\/dreambeautyparis.com\/en\/wp-json\/wp\/v2\/product"}],"about":[{"href":"https:\/\/dreambeautyparis.com\/en\/wp-json\/wp\/v2\/types\/product"}],"replies":[{"embeddable":true,"href":"https:\/\/dreambeautyparis.com\/en\/wp-json\/wp\/v2\/comments?post=118997"}],"wp:featuredmedia":[{"embeddable":true,"href":"https:\/\/dreambeautyparis.com\/en\/wp-json\/wp\/v2\/media\/118984"}],"wp:attachment":[{"href":"https:\/\/dreambeautyparis.com\/en\/wp-json\/wp\/v2\/media?parent=118997"}],"wp:term":[{"taxonomy":"product_brand","embeddable":true,"href":"https:\/\/dreambeautyparis.com\/en\/wp-json\/wp\/v2\/product_brand?post=118997"},{"taxonomy":"product_cat","embeddable":true,"href":"https:\/\/dreambeautyparis.com\/en\/wp-json\/wp\/v2\/product_cat?post=118997"},{"taxonomy":"product_tag","embeddable":true,"href":"https:\/\/dreambeautyparis.com\/en\/wp-json\/wp\/v2\/product_tag?post=118997"}],"curies":[{"name":"wp","href":"https:\/\/api.w.org\/{rel}","templated":true}]}}